{"id":1022,"date":"2019-05-10T14:03:09","date_gmt":"2019-05-10T14:03:09","guid":{"rendered":"http:\/\/fwg-weissenthurm.de\/?page_id=1022"},"modified":"2019-05-10T14:03:56","modified_gmt":"2019-05-10T14:03:56","slug":"schuetzen-was-uns-lieb-und-teuer-ist","status":"publish","type":"page","link":"http:\/\/fwg-weissenthurm.de\/?page_id=1022","title":{"rendered":"Sch\u00fctzen was uns lieb und teuer ist"},"content":{"rendered":"\n<p class=\"has-medium-font-size\"><strong>Am 10.5.2019 um 19:00 Uhr  im Restaurant Aga, Rheinufer 5 <\/strong><\/p>\n\n\n\n<p><strong>Referent:  Raimund Israel <\/strong><\/p>\n\n\n\n<h4 class=\"wp-block-heading\">Beigeordneter und Seniorensicherheitsberater der Verbandsgemeinde Wei\u00dfenthurm <\/h4>\n\n\n\n<figure class=\"wp-block-image\"><img loading=\"lazy\" decoding=\"async\" width=\"683\" height=\"1024\" src=\"http:\/\/fwg-weissenthurm.de\/wp-content\/uploads\/2019\/05\/raimund-israel-683x1024.jpg\" alt=\"\" class=\"wp-image-1024\" srcset=\"http:\/\/fwg-weissenthurm.de\/wp-content\/uploads\/2019\/05\/raimund-israel-683x1024.jpg 683w, http:\/\/fwg-weissenthurm.de\/wp-content\/uploads\/2019\/05\/raimund-israel-200x300.jpg 200w, http:\/\/fwg-weissenthurm.de\/wp-content\/uploads\/2019\/05\/raimund-israel-768x1152.jpg 768w\" sizes=\"auto, (max-width: 683px) 100vw, 683px\" \/><\/figure>\n\n\n\n<p class=\"has-medium-font-size\">Seit vielen Jahren gibt Raimund Israel, Beigeordneter der VG Wei\u00dfenthurm Sicherheitstipps vorwiegend f\u00fcr Senioren. Mit drastischen Beispielen erl\u00e4utert er die Vorgehensweise von Dieben und Trickbetr\u00fcgern, denen jeder von uns heute oder morgen zum Opfer fallen kann. In seiner erfrischenden Art wei\u00df er das Publikum in seinen Bann zu ziehen.<\/p>\n","protected":false},"excerpt":{"rendered":"<p>Am 10.5.2019 um 19:00 Uhr im Restaurant Aga, Rheinufer 5 Referent: Raimund Israel Beigeordneter und Seniorensicherheitsberater der Verbandsgemeinde Wei\u00dfenthurm Seit vielen Jahren gibt Raimund Israel, Beigeordneter der VG Wei\u00dfenthurm Sicherheitstipps vorwiegend f\u00fcr Senioren. Mit drastischen Beispielen erl\u00e4utert er die Vorgehensweise&hellip; <\/p>\n","protected":false},"author":1,"featured_media":0,"parent":166,"menu_order":0,"comment_status":"closed","ping_status":"closed","template":"","meta":{"footnotes":""},"class_list":["post-1022","page","type-page","status-publish","hentry"],"_links":{"self":[{"href":"http:\/\/fwg-weissenthurm.de\/index.php?rest_route=\/wp\/v2\/pages\/1022","targetHints":{"allow":["GET"]}}],"collection":[{"href":"http:\/\/fwg-weissenthurm.de\/index.php?rest_route=\/wp\/v2\/pages"}],"about":[{"href":"http:\/\/fwg-weissenthurm.de\/index.php?rest_route=\/wp\/v2\/types\/page"}],"author":[{"embeddable":true,"href":"http:\/\/fwg-weissenthurm.de\/index.php?rest_route=\/wp\/v2\/users\/1"}],"replies":[{"embeddable":true,"href":"http:\/\/fwg-weissenthurm.de\/index.php?rest_route=%2Fwp%2Fv2%2Fcomments&post=1022"}],"version-history":[{"count":3,"href":"http:\/\/fwg-weissenthurm.de\/index.php?rest_route=\/wp\/v2\/pages\/1022\/revisions"}],"predecessor-version":[{"id":1026,"href":"http:\/\/fwg-weissenthurm.de\/index.php?rest_route=\/wp\/v2\/pages\/1022\/revisions\/1026"}],"up":[{"embeddable":true,"href":"http:\/\/fwg-weissenthurm.de\/index.php?rest_route=\/wp\/v2\/pages\/166"}],"wp:attachment":[{"href":"http:\/\/fwg-weissenthurm.de\/index.php?rest_route=%2Fwp%2Fv2%2Fmedia&parent=1022"}],"curies":[{"name":"wp","href":"https:\/\/api.w.org\/{rel}","templated":true}]}}