{"id":118,"date":"2014-06-01T10:11:37","date_gmt":"2014-06-01T10:11:37","guid":{"rendered":"http:\/\/fwg-weissenthurm.de\/?page_id=118"},"modified":"2024-05-11T11:49:21","modified_gmt":"2024-05-11T11:49:21","slug":"unsere-ideen","status":"publish","type":"page","link":"http:\/\/fwg-weissenthurm.de\/?page_id=118","title":{"rendered":"Unsere Ideen"},"content":{"rendered":"<p>Die Ideen stammen ja schon aus dem Jahr 2019. Da aber trotz unseres unerm\u00fcdlichen Einsatzes vieles liegen geblieben ist, werden wir unser damals anvisierten Ziel beharrlich weiterverfolgen. In aktueller Form kann man sich unsere Ziele und Ideen aber auf unserm <a href=\"http:\/\/fwg-weissenthurm.de\/wp-content\/uploads\/2024\/05\/Wahlflyer_FWG_2024_Lang.pdf\">Wahlkampfflyer 2024<\/a> anschauen.<\/p>\n<p><b>Die Freie W\u00e4hlergruppe Wei\u00dfenthurm steht f\u00fcr folgende Schwerpunktthemen ein: <\/b><\/p>\n<p>&#8211;\u00a0\u00a0 unsere Stadt attraktiver machen f\u00fcr Einheimische und G\u00e4ste<\/p>\n<p>&#8211;\u00a0\u00a0 Erhalt und St\u00e4rkung von Lebensqualit\u00e4t<\/p>\n<p>&#8211;\u00a0\u00a0 Einbeziehung der B\u00fcrger in die Entscheidungsprozesse der Stadt<\/p>\n<p>&#8211;\u00a0\u00a0 Aktives Miteinander der Generationen<\/p>\n<p>&#8211;\u00a0\u00a0 Sachliche Zusammenarbeit aller Parteien im Ort<\/p>\n<p><strong>Aktuelle Themen, die wir mitgestalten wollen:<\/strong><\/p>\n<p>&#8211;\u00a0\u00a0 Stadtkernsanierung II<\/p>\n<p>&#8211;\u00a0\u00a0 Neubaugebiet Rosenstra\u00dfe\/B9<\/p>\n<p>&#8211;\u00a0\u00a0 Gestaltung des Schultheisgel\u00e4ndes<\/p>\n<p>&#8211;\u00a0\u00a0 Erstellung des Bebauungsplanes \u00c4schestall<\/p>\n<p>&#8211;\u00a0\u00a0 Errichtung eines 8-gruppigen Kindergartens und Bedarf f\u00fcr einen weiteren Neubau<\/p>\n<p>&#8211;\u00a0\u00a0 Erweiterung der Grundschule<\/p>\n<p>&#8211;\u00a0\u00a0 Fahrradwege und Fahrradabstellpl\u00e4tze<\/p>\n<p>&#8211;\u00a0\u00a0 Erwerb von Ausgleichsfl\u00e4chen im Stadtgebiet<\/p>\n<p><strong>Unsere Themen, um die wir uns besonders k\u00fcmmern:<\/strong><\/p>\n<p>&#8211;\u00a0\u00a0 Sauberkeit der Stadt<\/p>\n<p>&#8211;\u00a0\u00a0 die schwierige Anfahrtssituation\u00a0 der Grundschule<\/p>\n<p>&#8211;\u00a0\u00a0 Fahrradwege und Fahrradabstellpl\u00e4tze<\/p>\n<p>&#8211;\u00a0\u00a0 Geschwindigkeitsbeschr\u00e4nkung auf Hauptstra\u00dfe und Rheinbr\u00fccke<\/p>\n<p>&#8211;\u00a0\u00a0 Kinderspielpl\u00e4tze<\/p>\n<p>&#8211;\u00a0\u00a0 Bahnhof attraktiver und barrierefrei machen<\/p>\n<p>&#8211;\u00a0\u00a0 das Leben in Wei\u00dfenthurm altengerecht gestalten<\/p>\n<p><strong>Auch in unsern Flyern zur Wahl 2019 k\u00f6nnen Sie sich schnell einen \u00dcberblick verschaffen:<\/strong><\/p>\n<p><a href=\"http:\/\/fwg-weissenthurm.de\/wp-content\/uploads\/2019\/04\/WahlflyerportraitFWG_2019_Lang.pdf\">Wahlflyer_2019_L<\/a>\u00a0 \u00a0 \u00a0 \u00a0 \u00a0 \u00a0 \u00a0 \u00a0 \u00a0 \u00a0 \u00a0 \u00a0 \u00a0 \u00a0 \u00a0 \u00a0<a href=\"http:\/\/fwg-weissenthurm.de\/wp-content\/uploads\/2019\/04\/WahlflyerportraitFWG_2019_DinA5.pdf\">Wahlflyer_2019_B<\/a><\/p>\n<p><strong>Gerne k\u00f6nnen Sie mit uns \u00fcber diese Themen diskutieren: Nutzen Sie einfach unser Kontaktformular!\u00a0<\/strong><\/p>\n","protected":false},"excerpt":{"rendered":"<p>Die Ideen stammen ja schon aus dem Jahr 2019. Da aber trotz unseres unerm\u00fcdlichen Einsatzes vieles liegen geblieben ist, werden wir unser damals anvisierten Ziel beharrlich weiterverfolgen. In aktueller Form kann man sich unsere Ziele und Ideen aber auf unserm&hellip; <\/p>\n","protected":false},"author":1,"featured_media":0,"parent":41,"menu_order":3,"comment_status":"closed","ping_status":"closed","template":"","meta":{"footnotes":""},"class_list":["post-118","page","type-page","status-publish","hentry"],"_links":{"self":[{"href":"http:\/\/fwg-weissenthurm.de\/index.php?rest_route=\/wp\/v2\/pages\/118","targetHints":{"allow":["GET"]}}],"collection":[{"href":"http:\/\/fwg-weissenthurm.de\/index.php?rest_route=\/wp\/v2\/pages"}],"about":[{"href":"http:\/\/fwg-weissenthurm.de\/index.php?rest_route=\/wp\/v2\/types\/page"}],"author":[{"embeddable":true,"href":"http:\/\/fwg-weissenthurm.de\/index.php?rest_route=\/wp\/v2\/users\/1"}],"replies":[{"embeddable":true,"href":"http:\/\/fwg-weissenthurm.de\/index.php?rest_route=%2Fwp%2Fv2%2Fcomments&post=118"}],"version-history":[{"count":16,"href":"http:\/\/fwg-weissenthurm.de\/index.php?rest_route=\/wp\/v2\/pages\/118\/revisions"}],"predecessor-version":[{"id":5242,"href":"http:\/\/fwg-weissenthurm.de\/index.php?rest_route=\/wp\/v2\/pages\/118\/revisions\/5242"}],"up":[{"embeddable":true,"href":"http:\/\/fwg-weissenthurm.de\/index.php?rest_route=\/wp\/v2\/pages\/41"}],"wp:attachment":[{"href":"http:\/\/fwg-weissenthurm.de\/index.php?rest_route=%2Fwp%2Fv2%2Fmedia&parent=118"}],"curies":[{"name":"wp","href":"https:\/\/api.w.org\/{rel}","templated":true}]}}