{"id":13,"date":"2014-04-03T12:14:35","date_gmt":"2014-04-03T12:14:35","guid":{"rendered":"http:\/\/fwg-weissenthurm.de\/?page_id=13"},"modified":"2018-11-24T16:22:38","modified_gmt":"2018-11-24T16:22:38","slug":"impressum","status":"publish","type":"page","link":"http:\/\/fwg-weissenthurm.de\/?page_id=13","title":{"rendered":"Datenschutz"},"content":{"rendered":"<h2>Freie W\u00e4hlergruppe Wei\u00dfenthurm e.V.<\/h2>\n<h3>Datenschutzerkl\u00e4rung<\/h3>\n<p>&nbsp;<\/p>\n<h4><\/h4>\n<h5>Verantwortliche Stelle<\/h5>\n<p>&nbsp;<\/p>\n<p>Die verantwortliche Stelle f\u00fcr die Datenverarbeitung auf dieser Website ist:<\/p>\n<p>Freie W\u00e4hlergruppe Wei\u00dfenthurm e.V.<\/p>\n<p>Dr. Christoph Thilmann, Bahnhofstr. 8a, 56575 Wei\u00dfenthurm<\/p>\n<p>Die verantwortliche Stelle entscheidet allein oder gemeinsam mit anderen \u00fcber die Zwecke und Mittel der Verarbeitung von personenbezogenen Daten (z.B. Namen, Kontaktdaten o. \u00c4.).<\/p>\n<p>&nbsp;<\/p>\n<h5>Widerruf Ihrer Einwilligung zur Datenverarbeitung<\/h5>\n<p>&nbsp;<\/p>\n<p>Nur mit Ihrer ausdr\u00fccklichen Einwilligung sind einige Vorg\u00e4nge der Datenverarbeitung m\u00f6glich. Ein Widerruf Ihrer bereits erteilten Einwilligung ist jederzeit m\u00f6glich. F\u00fcr den Widerruf gen\u00fcgt eine formlose Mitteilung per E-Mail. Die Rechtm\u00e4\u00dfigkeit der bis zum Widerruf erfolgten Datenverarbeitung bleibt vom Widerruf unber\u00fchrt.<\/p>\n<p>&nbsp;<\/p>\n<h5>Recht auf Beschwerde bei der zust\u00e4ndigen Aufsichtsbeh\u00f6rde<\/h5>\n<p>&nbsp;<\/p>\n<p>Als Betroffener steht Ihnen im Falle eines datenschutzrechtlichen Versto\u00dfes ein Beschwerderecht bei der zust\u00e4ndigen Aufsichtsbeh\u00f6rde zu. Zust\u00e4ndige Aufsichtsbeh\u00f6rde bez\u00fcglich datenschutzrechtlicher Fragen ist der Landesdatenschutzbeauftragte des Bundeslandes, in dem sich der Sitz Freie W\u00e4hlergruppe Wei\u00dfenthurm e.V. befindet. Der folgende Link stellt eine Liste der Datenschutzbeauftragten sowie deren Kontaktdaten bereit:<\/p>\n<p>&nbsp;<\/p>\n<p><span style=\"color: #993300;\">https:\/\/www.bfdi.bund.de\/DE\/Infothek\/Anschriften_Links\/anschriften_links-node.html.<\/span><\/p>\n<p>&nbsp;<\/p>\n<h5>Recht auf Daten\u00fcbertragbarkeit<\/h5>\n<p>&nbsp;<\/p>\n<p>Ihnen steht das Recht zu, Daten, die wir auf Grundlage Ihrer Einwilligung oder in Erf\u00fcllung eines Vertrags automatisiert verarbeiten, an sich oder an Dritte aush\u00e4ndigen zu lassen. Die Bereitstellung erfolgt in einem maschinenlesbaren Format. Sofern Sie die direkte \u00dcbertragung der Daten an einen anderen Verantwortlichen verlangen, erfolgt dies nur, soweit es technisch machbar ist.<\/p>\n<p>&nbsp;<\/p>\n<h5>Server-Log-Dateien<\/h5>\n<p>&nbsp;<\/p>\n<p>In Server-Log-Dateien erhebt und speichert der Provider der Website automatisch Informationen, die Ihr Browser automatisch an uns \u00fcbermittelt. Dies sind:<\/p>\n<p style=\"padding-left: 30px;\">Referrer URL und IP-Adresse<\/p>\n<p style=\"padding-left: 30px;\">Hostname des zugreifenden Rechners<\/p>\n<p style=\"padding-left: 30px;\">Uhrzeit der Serveranfrage<\/p>\n<p>Es findet keine Zusammenf\u00fchrung dieser Daten mit anderen Datenquellen statt. Grundlage der Datenverarbeitung bildet Art. 6 Abs. 1 lit. b DSGVO, der die Verarbeitung von Daten zur Erf\u00fcllung eines Vertrags oder vorvertraglicher Ma\u00dfnahmen gestattet.<\/p>\n<p>&nbsp;<\/p>\n<h5>Cookies<\/h5>\n<p>&nbsp;<\/p>\n<p>Unsere Website verwendet Cookies. Das sind kleine Textdateien, die Ihr Webbrowser auf Ihrem Endger\u00e4t speichert. Cookies helfen uns dabei, unser Angebot nutzerfreundlicher, effektiver und sicherer zu machen.<\/p>\n<p>Einige Cookies sind \u201cSession-Cookies.\u201d Solche Cookies werden nach Ende Ihrer Browser-Sitzung von selbst gel\u00f6scht. Hingegen bleiben andere Cookies auf Ihrem Endger\u00e4t bestehen, bis Sie diese selbst l\u00f6schen. Solche Cookies helfen uns, Sie bei R\u00fcckkehr auf unserer Website wiederzuerkennen.<\/p>\n<p>Mit einem modernen Webbrowser k\u00f6nnen Sie das Setzen von Cookies \u00fcberwachen, einschr\u00e4nken oder unterbinden. Viele Webbrowser lassen sich so konfigurieren, dass Cookies mit dem Schlie\u00dfen des Programms von selbst gel\u00f6scht werden. Die Deaktivierung von Cookies kann eine eingeschr\u00e4nkte Funktionalit\u00e4t unserer Website zur Folge haben.<\/p>\n<p>Das Setzen von Cookies, die zur Aus\u00fcbung elektronischer Kommunikationsvorg\u00e4nge oder der Bereitstellung bestimmter, von Ihnen erw\u00fcnschter Funktionen (z.B. Warenkorb) notwendig sind, erfolgt auf Grundlage von Art. 6 Abs. 1 lit. f DSGVO. Als Betreiber dieser Website haben wir ein berechtigtes Interesse an der Speicherung von Cookies zur technisch fehlerfreien und reibungslosen Bereitstellung unserer Dienste. Sofern die Setzung anderer Cookies (z.B. f\u00fcr Analyse-Funktionen) erfolgt, werden diese in dieser Datenschutzerkl\u00e4rung separat behandelt.<\/p>\n<p>&nbsp;<\/p>\n<p>Stand: Oktober 2018<\/p>\n","protected":false},"excerpt":{"rendered":"<p>Freie W\u00e4hlergruppe Wei\u00dfenthurm e.V. Datenschutzerkl\u00e4rung &nbsp; Verantwortliche Stelle &nbsp; Die verantwortliche Stelle f\u00fcr die Datenverarbeitung auf dieser Website ist: Freie W\u00e4hlergruppe Wei\u00dfenthurm e.V. Dr. Christoph Thilmann, Bahnhofstr. 8a, 56575 Wei\u00dfenthurm Die verantwortliche Stelle entscheidet allein oder gemeinsam mit anderen \u00fcber&hellip; <\/p>\n","protected":false},"author":1,"featured_media":0,"parent":22,"menu_order":0,"comment_status":"closed","ping_status":"closed","template":"","meta":{"footnotes":""},"class_list":["post-13","page","type-page","status-publish","hentry"],"_links":{"self":[{"href":"http:\/\/fwg-weissenthurm.de\/index.php?rest_route=\/wp\/v2\/pages\/13","targetHints":{"allow":["GET"]}}],"collection":[{"href":"http:\/\/fwg-weissenthurm.de\/index.php?rest_route=\/wp\/v2\/pages"}],"about":[{"href":"http:\/\/fwg-weissenthurm.de\/index.php?rest_route=\/wp\/v2\/types\/page"}],"author":[{"embeddable":true,"href":"http:\/\/fwg-weissenthurm.de\/index.php?rest_route=\/wp\/v2\/users\/1"}],"replies":[{"embeddable":true,"href":"http:\/\/fwg-weissenthurm.de\/index.php?rest_route=%2Fwp%2Fv2%2Fcomments&post=13"}],"version-history":[{"count":17,"href":"http:\/\/fwg-weissenthurm.de\/index.php?rest_route=\/wp\/v2\/pages\/13\/revisions"}],"predecessor-version":[{"id":231,"href":"http:\/\/fwg-weissenthurm.de\/index.php?rest_route=\/wp\/v2\/pages\/13\/revisions\/231"}],"up":[{"embeddable":true,"href":"http:\/\/fwg-weissenthurm.de\/index.php?rest_route=\/wp\/v2\/pages\/22"}],"wp:attachment":[{"href":"http:\/\/fwg-weissenthurm.de\/index.php?rest_route=%2Fwp%2Fv2%2Fmedia&parent=13"}],"curies":[{"name":"wp","href":"https:\/\/api.w.org\/{rel}","templated":true}]}}