{"id":15,"date":"2014-04-03T12:19:46","date_gmt":"2014-04-03T12:19:46","guid":{"rendered":"http:\/\/fwg-weissenthurm.de\/?page_id=15"},"modified":"2019-03-04T11:53:56","modified_gmt":"2019-03-04T11:53:56","slug":"startseite","status":"publish","type":"page","link":"http:\/\/fwg-weissenthurm.de\/?page_id=15","title":{"rendered":"Umgestaltung Rheinufer"},"content":{"rendered":"\n<p>Unser Themenabend zur Umgestaltung des Rheinufers am 19.1.2015 wurde von einer Studentengruppe um den international renommierten St\u00e4dteplaner Daniel Molzberger gestaltet. Die phantasievolle Ausgestaltung fand bei den interessierten B\u00fcrgern gro\u00dfen Anklang. <\/p>\n\n\n<p><a href=\"http:\/\/fwg-weissenthurm.de\/wp-content\/uploads\/2019\/03\/2017-1-20GrundrissRheinufer.png\"><img loading=\"lazy\" decoding=\"async\" class=\"alignnone size-full wp-image-966\" src=\"http:\/\/fwg-weissenthurm.de\/wp-content\/uploads\/2019\/03\/2017-1-20GrundrissRheinufer.png\" alt=\"\" width=\"7345\" height=\"1161\" srcset=\"http:\/\/fwg-weissenthurm.de\/wp-content\/uploads\/2019\/03\/2017-1-20GrundrissRheinufer.png 7345w, http:\/\/fwg-weissenthurm.de\/wp-content\/uploads\/2019\/03\/2017-1-20GrundrissRheinufer-300x47.png 300w, http:\/\/fwg-weissenthurm.de\/wp-content\/uploads\/2019\/03\/2017-1-20GrundrissRheinufer-768x121.png 768w, http:\/\/fwg-weissenthurm.de\/wp-content\/uploads\/2019\/03\/2017-1-20GrundrissRheinufer-1024x162.png 1024w\" sizes=\"auto, (max-width: 7345px) 100vw, 7345px\" \/><\/a><\/p>\n<p>Weniger phantasievoll ist der Plan zur Umgestaltung des Rheinufers, wie er seit 2 Jahren auf der Seite der Stadt zu sehen ist. Die FWG Wei\u00dfenthurm hatte schon vor ihrem Einzug in den Stadtrat folgende Punkte bem\u00e4ngelt:<\/p>\n<p>1. Die Umgestaltung des Rheinufers birgt eine erhebliche Unfallgefahr. Fu\u00dfg\u00e4nger\/Autoverkehr, spielende Kinder und Benutzer des Rhein-Radweges m\u00fcssen auf einer gemeinsamen Verkehrsfl\u00e4che zurechtkommen. Insbesondere die Grundst\u00fcckszug\u00e4nge und die inm\u00fcndung der Rauschergasse sind in keiner Weise abgesichert und vor dem Flie\u00dfenden Verkehr gesch\u00fctzt.<\/p>\n<p>2. Die Randabschluss ist nicht zu Ende gedacht, da der Streifen zum Rhein dem Wasser- und Schiffahrtsamt geh\u00f6rt. Bei intensiver Nutzung durch Kleinkinder m\u00fcsste eine Absturzsicherung zum Rhein angebracht werden, um zu verhindern, dass Kinder hier ins Wasser fallen.<\/p>\n<p>3. Es ist fraglich, ob der Rasen auf der Unteren Werft \u00fcberhaupt anwachsen kann.<\/p>\n<p>4. Im vorgelegten Plan gibt es keinen nennenswerten Schatten mehr. Nach dem Sachverst\u00e4ndigengutachten 2013 waren die Platanen im s\u00fcd\u00f6stlichen Teil des Rheinufers in durchaus erhaltenswertem Zustand. Insbesondere die B\u00e4ume 1,2,3,7,10 wiesen keine nennenswerten Sch\u00e4den auf und h\u00e4tten durchaus in eine Umgestaltung mit einbezogen werden k\u00f6nnen.<\/p>\n<p>5. F\u00fcr die Umgestaltung des Rheinufers 1,7 Mio Euro auszugeben, ist viel zu viel.<\/p>\n<p>Die FWG hatte damals vorgeschlagen die folgenden Punkte zu \u00fcberdenken:<\/p>\n<ol>\n<li>Teilweise Erhalt der Platanen im s\u00fcd\u00f6stlichen Teil des Rheinufers, z.B. Erhalt der B\u00e4ume 1,2,3,5,7,9,10 mit dazwischen platzierten (schattigen) Sitzgelegenheiten<\/li>\n<li>Pr\u00fcfung der M\u00f6glichkeit, den Durchgangsverkehr (PKW und Fahrr\u00e4der) \u00fcber die kleine Werft zu f\u00fchren. Im oberen Bereich nur Anliegerverkehr mit Verhinderung der Durchfahrt in H\u00f6he der Einm\u00fcndung der Rauschergasse<\/li>\n<li>Gestaltung der Freifl\u00e4che der kleinen Werft zur tats\u00e4chlichen Nutzbarkeit durch Familien und \u00e4ltere Mitb\u00fcrger<\/li>\n<li>Gestaltung des oberen Bereichs als Promenade ohne Durchgangsverkehr<\/li>\n<li>Anschr\u00e4gung der kleinen Werft zum Rhein hin entsprechend der \u00fcbrigen Uferbefestigung, um die Gefahr f\u00fcr spielende Kinder zu verringern<\/li>\n<\/ol>\n<p>Leider wurden die Ideen der FWG damals ignoriert, da sie aus der falschen Richtung kamen. Im Gegenteil: wir mussten uns sagen lassen, dass ja bereits seit zehn Jahren \u00fcber die Umgestaltung des Rheinufers nachgedacht wurde und der ausgearbeitete Plan letztlich nicht verhandelbar sei. Wir wurden wie Idioten behandelt (nur weil die CDU bei der Wahl 0,9% zu viele Stimmen hatte). Das Ergebnis kann man sich heute live anschauen. Schatten gibt&#8217;s nicht mehr. Auf der Oberen Werft gibt es nur eine phantasielose Asphaltfl\u00e4che, die sicher nicht zum Flanieren einl\u00e4dt. Dazu wird sie auch noch durch eine v\u00f6llig unprofessionelle krumme Linie verunstaltet. Wie sich das Verkehrschaos im Sommer gestaltet bleibt ebenso abzuwarten wie das Anwachsen der Rasenfl\u00e4che. Und wieviele Anwohner beim Verlassen ihres Grundst\u00fcckes zu Schaden kommen auch.\u00a0 Eine solche Art der Planung darf sich in Wei\u00dfenthurm niemals wiederholen!<\/p>\n<p><a href=\"http:\/\/fwg-weissenthurm.de\/wp-content\/uploads\/2019\/03\/Wei\u00dfenthurm_Rheinufer_4.jpg\"><img loading=\"lazy\" decoding=\"async\" class=\"alignnone size-full wp-image-974\" src=\"http:\/\/fwg-weissenthurm.de\/wp-content\/uploads\/2019\/03\/Wei\u00dfenthurm_Rheinufer_4.jpg\" alt=\"\" width=\"768\" height=\"1024\" srcset=\"http:\/\/fwg-weissenthurm.de\/wp-content\/uploads\/2019\/03\/Wei\u00dfenthurm_Rheinufer_4.jpg 768w, http:\/\/fwg-weissenthurm.de\/wp-content\/uploads\/2019\/03\/Wei\u00dfenthurm_Rheinufer_4-225x300.jpg 225w\" sizes=\"auto, (max-width: 768px) 100vw, 768px\" \/><\/a><\/p>","protected":false},"excerpt":{"rendered":"<p>Unser Themenabend zur Umgestaltung des Rheinufers am 19.1.2015 wurde von einer Studentengruppe um den international renommierten St\u00e4dteplaner Daniel Molzberger gestaltet. Die phantasievolle Ausgestaltung fand bei den interessierten B\u00fcrgern gro\u00dfen Anklang. Weniger phantasievoll ist der Plan zur Umgestaltung des Rheinufers, wie&hellip; <\/p>\n","protected":false},"author":1,"featured_media":0,"parent":166,"menu_order":9,"comment_status":"open","ping_status":"closed","template":"","meta":{"footnotes":""},"class_list":["post-15","page","type-page","status-publish","hentry"],"_links":{"self":[{"href":"http:\/\/fwg-weissenthurm.de\/index.php?rest_route=\/wp\/v2\/pages\/15","targetHints":{"allow":["GET"]}}],"collection":[{"href":"http:\/\/fwg-weissenthurm.de\/index.php?rest_route=\/wp\/v2\/pages"}],"about":[{"href":"http:\/\/fwg-weissenthurm.de\/index.php?rest_route=\/wp\/v2\/types\/page"}],"author":[{"embeddable":true,"href":"http:\/\/fwg-weissenthurm.de\/index.php?rest_route=\/wp\/v2\/users\/1"}],"replies":[{"embeddable":true,"href":"http:\/\/fwg-weissenthurm.de\/index.php?rest_route=%2Fwp%2Fv2%2Fcomments&post=15"}],"version-history":[{"count":17,"href":"http:\/\/fwg-weissenthurm.de\/index.php?rest_route=\/wp\/v2\/pages\/15\/revisions"}],"predecessor-version":[{"id":984,"href":"http:\/\/fwg-weissenthurm.de\/index.php?rest_route=\/wp\/v2\/pages\/15\/revisions\/984"}],"up":[{"embeddable":true,"href":"http:\/\/fwg-weissenthurm.de\/index.php?rest_route=\/wp\/v2\/pages\/166"}],"wp:attachment":[{"href":"http:\/\/fwg-weissenthurm.de\/index.php?rest_route=%2Fwp%2Fv2%2Fmedia&parent=15"}],"curies":[{"name":"wp","href":"https:\/\/api.w.org\/{rel}","templated":true}]}}