{"id":157,"date":"2017-05-14T15:37:32","date_gmt":"2017-05-14T15:37:32","guid":{"rendered":"http:\/\/fwg-weissenthurm.de\/?page_id=157"},"modified":"2023-06-08T15:05:33","modified_gmt":"2023-06-08T15:05:33","slug":"wahl-2014","status":"publish","type":"page","link":"http:\/\/fwg-weissenthurm.de\/?page_id=157","title":{"rendered":"Wahl 2014"},"content":{"rendered":"<p>\u00a0<\/p>\n<h1>Vielen Dank an Alle, die uns gew\u00e4hlt haben<\/h1>\n<h1>Wir\u00a0ziehen mit 4 Sitzen in den\u00a0Stadtrat ein!<\/h1>\n<p>\u00a0<\/p>\n<p>Bei der Wahl des Stadtrates Wei\u00dfenthurm konnte die neu gegr\u00fcndete FWG Wei\u00dfenthurm mit 19,1 Prozent der abgegebenen W\u00e4hlerstimmen einen \u00fcberw\u00e4ltigenden Erfolg erzielen. Somit k\u00f6nnen wir gleich bei unserer ersten Wahl mit 4 Mitgliedern in den Stadtrat einziehen. Daher m\u00f6chten wir auf diesem Wege allen W\u00e4hlerinnen und W\u00e4hlern herzlich f\u00fcr Ihre Unterst\u00fctzung und f\u00fcr das in uns gesetzte Vertrauen bedanken.<\/p>\n<p>Ein kleiner Wermutstropfen ist die erschreckend niedrige Wahlbeteiligung von 32%. Das hei\u00dft: 2 von 3 Wei\u00dfenthurmern sind nicht zur Wahl gegangen, sei es, weil sie sich nicht f\u00fcr Wei\u00dfenthurm interessieren oder weil sie glauben, dass sich durch eine solche Wahl ja doch nichts \u00e4ndert. Die, die uns gew\u00e4hlt haben, wollen, dass sich was \u00e4ndert. Daher ist unser Ziel,\u00a0die Wei\u00dfenthurmer\u00a0Politik so zu\u00a0gestalten, dass unsere B\u00fcrger am Prozess der Meinungsbildung beteiligt werden und\u00a0\u00a0getroffene Entscheidungen transparent von allen nachvollziehbar werden.\u00a0Wir m\u00f6chten alle ausdr\u00fccklich dazu\u00a0einladen, selbst ein St\u00fcck dazu beizutragen, dass sich Wei\u00dfenthurm weiterentwickeln kann.<\/p>\n<p>\u00a0<\/p>\n<p><strong>In den Stadtrat gew\u00e4hlt wurden<\/strong>: Christoph Thilmann, Bernd Scharn,\u00a0Johannes Juchem,\u00a0 Margarete Thilmann<\/p>\n<p>\u00a0<\/p>\n<p>\u00a0<\/p>\n\n\n<p><\/p>\n","protected":false},"excerpt":{"rendered":"<p>\u00a0 Vielen Dank an Alle, die uns gew\u00e4hlt haben Wir\u00a0ziehen mit 4 Sitzen in den\u00a0Stadtrat ein! \u00a0 Bei der Wahl des Stadtrates Wei\u00dfenthurm konnte die neu gegr\u00fcndete FWG Wei\u00dfenthurm mit 19,1 Prozent der abgegebenen W\u00e4hlerstimmen einen \u00fcberw\u00e4ltigenden Erfolg erzielen. Somit&hellip; <\/p>\n","protected":false},"author":1,"featured_media":0,"parent":292,"menu_order":5,"comment_status":"closed","ping_status":"closed","template":"","meta":{"footnotes":""},"class_list":["post-157","page","type-page","status-publish","hentry"],"_links":{"self":[{"href":"http:\/\/fwg-weissenthurm.de\/index.php?rest_route=\/wp\/v2\/pages\/157","targetHints":{"allow":["GET"]}}],"collection":[{"href":"http:\/\/fwg-weissenthurm.de\/index.php?rest_route=\/wp\/v2\/pages"}],"about":[{"href":"http:\/\/fwg-weissenthurm.de\/index.php?rest_route=\/wp\/v2\/types\/page"}],"author":[{"embeddable":true,"href":"http:\/\/fwg-weissenthurm.de\/index.php?rest_route=\/wp\/v2\/users\/1"}],"replies":[{"embeddable":true,"href":"http:\/\/fwg-weissenthurm.de\/index.php?rest_route=%2Fwp%2Fv2%2Fcomments&post=157"}],"version-history":[{"count":5,"href":"http:\/\/fwg-weissenthurm.de\/index.php?rest_route=\/wp\/v2\/pages\/157\/revisions"}],"predecessor-version":[{"id":4877,"href":"http:\/\/fwg-weissenthurm.de\/index.php?rest_route=\/wp\/v2\/pages\/157\/revisions\/4877"}],"up":[{"embeddable":true,"href":"http:\/\/fwg-weissenthurm.de\/index.php?rest_route=\/wp\/v2\/pages\/292"}],"wp:attachment":[{"href":"http:\/\/fwg-weissenthurm.de\/index.php?rest_route=%2Fwp%2Fv2%2Fmedia&parent=157"}],"curies":[{"name":"wp","href":"https:\/\/api.w.org\/{rel}","templated":true}]}}