{"id":204,"date":"2018-10-01T08:48:24","date_gmt":"2018-10-01T08:48:24","guid":{"rendered":"http:\/\/fwg-weissenthurm.de\/?page_id=204"},"modified":"2018-11-24T16:21:26","modified_gmt":"2018-11-24T16:21:26","slug":"impressum-2","status":"publish","type":"page","link":"http:\/\/fwg-weissenthurm.de\/?page_id=204","title":{"rendered":"Impressum"},"content":{"rendered":"<article id=\"post-12\" class=\"post-12 page type-page status-publish hentry\">\n<div class=\"entry-content clearfix\">\n<h2>Freie W\u00e4hlergruppe Wei\u00dfenthurm e.V.<\/h2>\n<p>F\u00fcr den Inhalt verantwortlich:<\/p>\n<p style=\"padding-left: 30px;\">Dr. Christoph Thilmann, Bahnhofstr. 8a, 56575 Wei\u00dfenthurm<\/p>\n<p style=\"padding-left: 30px;\"><a href=\"http:\/\/fwg-weissenthurm.de\/wp-content\/uploads\/2014\/05\/Emailaddresse-CTH.jpg\"><img loading=\"lazy\" decoding=\"async\" class=\"alignnone size-full wp-image-93\" src=\"http:\/\/fwg-weissenthurm.de\/wp-content\/uploads\/2014\/05\/Emailaddresse-CTH.jpg\" alt=\"Emailaddresse CTH\" width=\"255\" height=\"21\" \/><\/a><\/p>\n<h5 style=\"padding-left: 30px;\">1. Haftungsbeschr\u00e4nkung<\/h5>\n<p style=\"padding-left: 30px;\">Die Inhalte dieser Website werden mit gr\u00f6\u00dftm\u00f6glicher Sorgfalt erstellt.<br \/>\nDie Freie W\u00e4hlergruppe Wei\u00dfenthurm e.V. \u00fcbernimmt jedoch keine Gew\u00e4hr f\u00fcr die Richtigkeit, Vollst\u00e4ndigkeit und<br \/>\nAktualit\u00e4t der bereitgestellten Inhalte. Die Nutzung der Inhalte der Website erfolgt auf eigene Gefahr des Nutzers.<br \/>\nNamentlich gekennzeichnete Beitr\u00e4ge geben die Meinung des jeweiligen Autors und nicht immer die Meinung der W\u00e4hlergruppe wieder.<br \/>\nDie Freie W\u00e4hlergruppe Wei\u00dfenthurm e.V. wird sich bem\u00fchen, den Dienst m\u00f6glichst unterbrechungsfrei zum Abruf anzubieten.<br \/>\nAuch bei aller Sorgfalt k\u00f6nnen aber Ausfallzeiten nicht ausgeschlossen werden.<br \/>\nDie Freie W\u00e4hlergruppe Wei\u00dfenthurm e.V. beh\u00e4lt sich das Recht vor, sein Angebot jederzeit zu \u00e4ndern oder einzustellen.<br \/>\nDiese Website enth\u00e4lt Verkn\u00fcpfungen zu Websites Dritter (\u201eexterne Links\u201c).<br \/>\nDiese Websites unterliegen der Haftung der jeweiligen Betreiber.<br \/>\nDie Freie W\u00e4hlergruppe Wei\u00dfenthurm e.V. hat bei der erstmaligen Verkn\u00fcpfung der externen Links die fremden Inhalte<br \/>\ndaraufhin \u00fcberpr\u00fcft, ob etwaige Rechtsverst\u00f6\u00dfe bestehen. Zu dem Zeitpunkt waren keine Rechtsverst\u00f6\u00dfe ersichtlich.<br \/>\nDie Freie W\u00e4hlergruppe Wei\u00dfenthurm e.V. hat keinerlei Einfluss auf die aktuelle und zuk\u00fcnftige Gestaltung und auf<br \/>\ndie Inhalte der verkn\u00fcpften Seiten. Das Setzen von externen Links bedeutet nicht, dass sich die Freie W\u00e4hlergruppe<br \/>\nWei\u00dfenthurm e.V. die hinter dem Verweis oder Link liegenden Inhalte zu Eigen macht.<\/p>\n<p style=\"padding-left: 30px;\">Eine st\u00e4ndige Kontrolle dieser externen Links ist der Freie W\u00e4hlergruppe Wei\u00dfenthurm e.V. ohne konkrete Hinweise auf Rechtsverst\u00f6\u00dfe nicht zumutbar. Bei Kenntnis von Rechtsverst\u00f6\u00dfen werden jedoch derartige externe Links unverz\u00fcglich gel\u00f6scht.<\/p>\n<p style=\"padding-left: 30px;\">Mit der Nutzung der Website kommt keinerlei Vertragsverh\u00e4ltnis zwischen dem Nutzer und dem Anbieter zustande. Insofern ergeben sich auch keinerlei vertragliche oder quasivertragliche Anspr\u00fcche gegen die Freie W\u00e4hlergruppe Wei\u00dfenthurm e.V.<\/p>\n<h5 style=\"padding-left: 30px;\">2. Urheberrecht<\/h5>\n<p style=\"padding-left: 30px;\">Die auf dieser Website ver\u00f6ffentlichten Inhalte unterliegen dem deutschen Urheberrecht. Jede vom deutschen Urheberrecht nicht<br \/>\nzugelassene Verwertung bedarf der vorherigen schriftlichen Zustimmung der Freie W\u00e4hlergruppe Wei\u00dfenthurm e.V. Dies gilt insbesondere<br \/>\nf\u00fcr Vervielf\u00e4ltigung, Bearbeitung, \u00dcbersetzung, Einspeicherung, Verarbeitung bzw. Wiedergabe von Inhalten in Datenbanken oder anderen<br \/>\nelektronischen Medien und Systemen. Inhalte und Rechte Dritter sind dabei als solche gekennzeichnet. Die unerlaubte Vervielf\u00e4ltigung oder<br \/>\nWeitergabe einzelner Inhalte oder kompletter Seiten ist nicht gestattet und strafbar. Lediglich die Herstellung von Kopien und Downloads f\u00fcr den<br \/>\npers\u00f6nlichen, privaten und nicht kommerziellen Gebrauch ist erlaubt.<\/p>\n<p style=\"padding-left: 30px;\">Links zur Website der Freie W\u00e4hlergruppe Wei\u00dfenthurm e.V. sind jederzeit willkommen und bed\u00fcrfen keiner Zustimmung durch die Freie W\u00e4hlergruppe Wei\u00dfenthurm e.V. Die Darstellung dieser Website in fremden Frames ist nur mit Erlaubnis zul\u00e4ssig.<\/p>\n<h5 style=\"padding-left: 30px;\">3. Anwendbares Recht<\/h5>\n<p style=\"padding-left: 30px;\">Es gilt ausschlie\u00dflich das ma\u00dfgebliche Recht der Bundesrepublik Deutschland.<\/p>\n<h5 style=\"padding-left: 30px;\">4. Besondere Nutzungsbedingungen<\/h5>\n<p style=\"padding-left: 30px;\">Soweit besondere Bedingungen f\u00fcr einzelne Nutzungen dieser Website von den vorgenannten Nummern 1. bis 4. abweichen, wird an entsprechender<br \/>\nStelle ausdr\u00fccklich darauf hingewiesen. In diesem Falle gelten im jeweiligen Einzelfall die besonderen Nutzungsbedingungen.<\/p>\n<p style=\"padding-left: 30px;\">Die Verwendung der Kontaktdaten des Impressums zu gewerblichen Zwecken (z.B. Werbung) ist ausdr\u00fccklich nicht erw\u00fcnscht.<\/p>\n<p style=\"padding-left: 30px;\">Die Freie W\u00e4hlergruppe Wei\u00dfenthurm e.V. und alle auf dieser Website genannten Personen widersprechen hiermit jeder kommerziellen Verwendung und Weitergabe ihrer Daten.<\/p>\n<p>Stand: 11\/2017\u00a0 8\/2018<\/p>\n<\/div>\n<\/article>\n","protected":false},"excerpt":{"rendered":"<p>Freie W\u00e4hlergruppe Wei\u00dfenthurm e.V. F\u00fcr den Inhalt verantwortlich: Dr. Christoph Thilmann, Bahnhofstr. 8a, 56575 Wei\u00dfenthurm 1. Haftungsbeschr\u00e4nkung Die Inhalte dieser Website werden mit gr\u00f6\u00dftm\u00f6glicher Sorgfalt erstellt. Die Freie W\u00e4hlergruppe Wei\u00dfenthurm e.V. \u00fcbernimmt jedoch keine Gew\u00e4hr f\u00fcr die Richtigkeit, Vollst\u00e4ndigkeit und&hellip; <\/p>\n","protected":false},"author":4,"featured_media":0,"parent":22,"menu_order":0,"comment_status":"closed","ping_status":"closed","template":"","meta":{"footnotes":""},"class_list":["post-204","page","type-page","status-publish","hentry"],"_links":{"self":[{"href":"http:\/\/fwg-weissenthurm.de\/index.php?rest_route=\/wp\/v2\/pages\/204","targetHints":{"allow":["GET"]}}],"collection":[{"href":"http:\/\/fwg-weissenthurm.de\/index.php?rest_route=\/wp\/v2\/pages"}],"about":[{"href":"http:\/\/fwg-weissenthurm.de\/index.php?rest_route=\/wp\/v2\/types\/page"}],"author":[{"embeddable":true,"href":"http:\/\/fwg-weissenthurm.de\/index.php?rest_route=\/wp\/v2\/users\/4"}],"replies":[{"embeddable":true,"href":"http:\/\/fwg-weissenthurm.de\/index.php?rest_route=%2Fwp%2Fv2%2Fcomments&post=204"}],"version-history":[{"count":8,"href":"http:\/\/fwg-weissenthurm.de\/index.php?rest_route=\/wp\/v2\/pages\/204\/revisions"}],"predecessor-version":[{"id":233,"href":"http:\/\/fwg-weissenthurm.de\/index.php?rest_route=\/wp\/v2\/pages\/204\/revisions\/233"}],"up":[{"embeddable":true,"href":"http:\/\/fwg-weissenthurm.de\/index.php?rest_route=\/wp\/v2\/pages\/22"}],"wp:attachment":[{"href":"http:\/\/fwg-weissenthurm.de\/index.php?rest_route=%2Fwp%2Fv2%2Fmedia&parent=204"}],"curies":[{"name":"wp","href":"https:\/\/api.w.org\/{rel}","templated":true}]}}