{"id":22,"date":"2014-04-03T12:48:49","date_gmt":"2014-04-03T12:48:49","guid":{"rendered":"http:\/\/fwg-weissenthurm.de\/?page_id=22"},"modified":"2024-01-28T10:04:33","modified_gmt":"2024-01-28T10:04:33","slug":"startseite-2","status":"publish","type":"page","link":"http:\/\/fwg-weissenthurm.de\/?page_id=22","title":{"rendered":"Willkommen"},"content":{"rendered":"<h2>Liebe Mitb\u00fcrgerinnen und Mitb\u00fcrger,<\/h2>\n<p>herzlich willkommen auf den Internetseiten der FWG Wei\u00dfenthurm.<\/p>\n<p>Informieren Sie sich hier \u00fcber die politische Arbeit der FWG. Wir sind ein Zu\u00adsammenschluss engagierter B\u00fcrger, die sich aktiv an der Gestaltung unserer Stadt beteiligen. Wir treffen unsere Entschei\u00addungen ohne parteipolitischen Hintergrund, nur in der Sache. Beteiligen auch Sie sich an der aktiven Mitgestaltung unserer Stadt.<\/p>\n<p>Schauen Sie sich an, was es Neues gibt und wof\u00fcr wir uns gerade besonders einsetzen.<\/p>\n<p>Informieren Sie sich, mit welchen Themen wir uns in der Verbandsgemeinde und im Landkreis besch\u00e4ftigen.<\/p>\n<p>Nehmen Sie Kontakt mit uns auf, und schreiben Sie uns, was Sie sich f\u00fcr Wei\u00dfenthurm w\u00fcnschen.<\/p>\n<h4>Ihre FWG Wei\u00dfenthurm<\/h4>\n<p><a href=\"http:\/\/fwg-weissenthurm.de\/wp-content\/uploads\/2024\/01\/FWG_Listenaufstellung.jpg\"><img loading=\"lazy\" decoding=\"async\" class=\"alignnone size-full wp-image-5069\" src=\"http:\/\/fwg-weissenthurm.de\/wp-content\/uploads\/2024\/01\/FWG_Listenaufstellung.jpg\" alt=\"\" width=\"2048\" height=\"1417\" srcset=\"http:\/\/fwg-weissenthurm.de\/wp-content\/uploads\/2024\/01\/FWG_Listenaufstellung.jpg 2048w, http:\/\/fwg-weissenthurm.de\/wp-content\/uploads\/2024\/01\/FWG_Listenaufstellung-300x208.jpg 300w, http:\/\/fwg-weissenthurm.de\/wp-content\/uploads\/2024\/01\/FWG_Listenaufstellung-1024x709.jpg 1024w, http:\/\/fwg-weissenthurm.de\/wp-content\/uploads\/2024\/01\/FWG_Listenaufstellung-768x531.jpg 768w, http:\/\/fwg-weissenthurm.de\/wp-content\/uploads\/2024\/01\/FWG_Listenaufstellung-1536x1063.jpg 1536w\" sizes=\"auto, (max-width: 2048px) 100vw, 2048px\" \/><\/a><\/p>\n","protected":false},"excerpt":{"rendered":"<p>Liebe Mitb\u00fcrgerinnen und Mitb\u00fcrger, herzlich willkommen auf den Internetseiten der FWG Wei\u00dfenthurm. Informieren Sie sich hier \u00fcber die politische Arbeit der FWG. Wir sind ein Zu\u00adsammenschluss engagierter B\u00fcrger, die sich aktiv an der Gestaltung unserer Stadt beteiligen. Wir treffen unsere&hellip; <\/p>\n","protected":false},"author":1,"featured_media":0,"parent":0,"menu_order":0,"comment_status":"closed","ping_status":"closed","template":"","meta":{"footnotes":""},"class_list":["post-22","page","type-page","status-publish","hentry"],"_links":{"self":[{"href":"http:\/\/fwg-weissenthurm.de\/index.php?rest_route=\/wp\/v2\/pages\/22","targetHints":{"allow":["GET"]}}],"collection":[{"href":"http:\/\/fwg-weissenthurm.de\/index.php?rest_route=\/wp\/v2\/pages"}],"about":[{"href":"http:\/\/fwg-weissenthurm.de\/index.php?rest_route=\/wp\/v2\/types\/page"}],"author":[{"embeddable":true,"href":"http:\/\/fwg-weissenthurm.de\/index.php?rest_route=\/wp\/v2\/users\/1"}],"replies":[{"embeddable":true,"href":"http:\/\/fwg-weissenthurm.de\/index.php?rest_route=%2Fwp%2Fv2%2Fcomments&post=22"}],"version-history":[{"count":26,"href":"http:\/\/fwg-weissenthurm.de\/index.php?rest_route=\/wp\/v2\/pages\/22\/revisions"}],"predecessor-version":[{"id":5083,"href":"http:\/\/fwg-weissenthurm.de\/index.php?rest_route=\/wp\/v2\/pages\/22\/revisions\/5083"}],"wp:attachment":[{"href":"http:\/\/fwg-weissenthurm.de\/index.php?rest_route=%2Fwp%2Fv2%2Fmedia&parent=22"}],"curies":[{"name":"wp","href":"https:\/\/api.w.org\/{rel}","templated":true}]}}