{"id":292,"date":"2018-11-24T18:14:30","date_gmt":"2018-11-24T18:14:30","guid":{"rendered":"http:\/\/fwg-weissenthurm.de\/?page_id=292"},"modified":"2024-07-27T11:44:00","modified_gmt":"2024-07-27T11:44:00","slug":"aktivitaeten","status":"publish","type":"page","link":"http:\/\/fwg-weissenthurm.de\/?page_id=292","title":{"rendered":"Historisches"},"content":{"rendered":"<p>Nach der Vereinsgr\u00fcndung in den Jahren 2012 und 2013 ging es 2014 erstmals mit 4 Sitzen in den Stadtrat. In der f\u00fcr uns ersten Wahlperiode 2014 &#8211; 2019 hie\u00df es erst mal sich gegen die absolute Mehrheit und den Widerstand der CDU zu behaupten. Im Stadtrat wurden einige unserer Ideen und Anregungen zum Teil ausgebremst. Umso wichtiger waren daher auch die Aktivit\u00e4ten au\u00dferhalb der Gremien der Stadt. Neben den zahlreichen Antr\u00e4gen an den B\u00fcrgermeister haben wir uns daher durch Themenabende und andere Aktivit\u00e4ten Geh\u00f6r verschafft. In der Wahlperiode 2019 &#8211; 2024 waren die Voraussetzungen etwas anders. Erstmals nach gef\u00fchlt 100 Jahren, hatte die CDU ihre absolute Mehrheit verloren. Damit \u00e4nderte sich schlagartig das Klima im Rat, so dass nun auch im Rat konstruktive Arbeit m\u00f6glich ist.<\/p>\n<p><a href=\"http:\/\/fwg-weissenthurm.de\/wp-content\/uploads\/2018\/11\/Rost-wird-eingesetzt.jpg\"><img loading=\"lazy\" decoding=\"async\" class=\"alignnone size-full wp-image-295\" src=\"http:\/\/fwg-weissenthurm.de\/wp-content\/uploads\/2018\/11\/Rost-wird-eingesetzt.jpg\" alt=\"\" width=\"2816\" height=\"2112\" srcset=\"http:\/\/fwg-weissenthurm.de\/wp-content\/uploads\/2018\/11\/Rost-wird-eingesetzt.jpg 2816w, http:\/\/fwg-weissenthurm.de\/wp-content\/uploads\/2018\/11\/Rost-wird-eingesetzt-300x225.jpg 300w, http:\/\/fwg-weissenthurm.de\/wp-content\/uploads\/2018\/11\/Rost-wird-eingesetzt-768x576.jpg 768w, http:\/\/fwg-weissenthurm.de\/wp-content\/uploads\/2018\/11\/Rost-wird-eingesetzt-1024x768.jpg 1024w\" sizes=\"auto, (max-width: 2816px) 100vw, 2816px\" \/><\/a><\/p>\n","protected":false},"excerpt":{"rendered":"<p>Nach der Vereinsgr\u00fcndung in den Jahren 2012 und 2013 ging es 2014 erstmals mit 4 Sitzen in den Stadtrat. In der f\u00fcr uns ersten Wahlperiode 2014 &#8211; 2019 hie\u00df es erst mal sich gegen die absolute Mehrheit und den Widerstand&hellip; <\/p>\n","protected":false},"author":1,"featured_media":0,"parent":0,"menu_order":4,"comment_status":"closed","ping_status":"closed","template":"","meta":{"footnotes":""},"class_list":["post-292","page","type-page","status-publish","hentry"],"_links":{"self":[{"href":"http:\/\/fwg-weissenthurm.de\/index.php?rest_route=\/wp\/v2\/pages\/292","targetHints":{"allow":["GET"]}}],"collection":[{"href":"http:\/\/fwg-weissenthurm.de\/index.php?rest_route=\/wp\/v2\/pages"}],"about":[{"href":"http:\/\/fwg-weissenthurm.de\/index.php?rest_route=\/wp\/v2\/types\/page"}],"author":[{"embeddable":true,"href":"http:\/\/fwg-weissenthurm.de\/index.php?rest_route=\/wp\/v2\/users\/1"}],"replies":[{"embeddable":true,"href":"http:\/\/fwg-weissenthurm.de\/index.php?rest_route=%2Fwp%2Fv2%2Fcomments&post=292"}],"version-history":[{"count":5,"href":"http:\/\/fwg-weissenthurm.de\/index.php?rest_route=\/wp\/v2\/pages\/292\/revisions"}],"predecessor-version":[{"id":5085,"href":"http:\/\/fwg-weissenthurm.de\/index.php?rest_route=\/wp\/v2\/pages\/292\/revisions\/5085"}],"wp:attachment":[{"href":"http:\/\/fwg-weissenthurm.de\/index.php?rest_route=%2Fwp%2Fv2%2Fmedia&parent=292"}],"curies":[{"name":"wp","href":"https:\/\/api.w.org\/{rel}","templated":true}]}}