{"id":379,"date":"2019-01-21T07:26:50","date_gmt":"2019-01-21T07:26:50","guid":{"rendered":"http:\/\/fwg-weissenthurm.de\/?page_id=379"},"modified":"2024-03-10T14:54:10","modified_gmt":"2024-03-10T14:54:10","slug":"leitbild","status":"publish","type":"page","link":"http:\/\/fwg-weissenthurm.de\/?page_id=379","title":{"rendered":"Leitbild"},"content":{"rendered":"\n<h4 class=\"wp-block-heading\">Wof\u00fcr steht die FWG Wei\u00dfenthurm? <\/h4>\n\n\n\n<p class=\"has-medium-font-size\">Die FWG Wei\u00dfenthurm macht Politik f\u00fcr die B\u00fcrger von Wei\u00dfenthurm. Wir stehen f\u00fcr B\u00fcrgern\u00e4he, Individualit\u00e4t, Spontanit\u00e4t. Durch den Verzicht auf eine parteipolitische Bindung k\u00f6nnen wir uns voll auf die Belange unserer W\u00e4hler konzentrieren und f\u00fcr ihren Bereich Sachthemen voranbringen. Es geht um die Sache, im Gro\u00dfen, aber vor allem im Kleinen. Egal ob die schiefe Laterne oder Unkraut im Rinnstein, f\u00fcr s\u00e4mtliche lokale Gegebenheiten sind wir ansprechbar. Und bei den Themen Zusammenleben, Wohnen, Verkehr,\u00a0Umwelt und Energiesparen geht es immer um das Wesentliche vor Ort. Und nicht um theoretische, unkonkrete, berufspolitische und inhaltslose Floskeln.<\/p>\n\n\n\n<h4 class=\"wp-block-heading\">Wer ist die FWG Wei\u00dfenthurm? <\/h4>\n\n\n\n<p class=\"has-medium-font-size\"><strong>Die<\/strong> <strong>&#8222;Freien W\u00e4hler&#8220;<\/strong> gibt es nur im Bund und im Land. Aber mit denen haben wir nix zu tun. Alle FWG-Gruppierungen sind eigenst\u00e4ndige Gruppierungen. Auch die FWG Wei\u00dfenthurm ist eine v\u00f6llig unabh\u00e4ngige Gruppe. So gibt es weder finanzielle Mittel noch parteipolitische Vorgaben von Oben. Wir m\u00fcssen uns auch f\u00fcr keinen Unsinn, der in Berlin oder Mainz verzapft wird, rechtfertigen. So haben sich in der FWG Wei\u00dfenthurm Menschen aller politischen Richtungen zusammengefunden, um f\u00fcr ihre Region die beste Politik zu machen. Damit k\u00f6nnen wir uns uneingeschr\u00e4nkt Sachthemen widmen, ohne nach einer \u00fcbergeordneten Pfeife zu tanzen. Die Freien W\u00e4hlergruppen, die sich auf der kommunalen Ebene bet\u00e4tigen, wollen weder als \u00fcberregionale politische Kraft wahrgenommen werden noch als Partei auf Landes- oder Bundesebene in die politische Debatte eingreifen. Es wird bewusst auf eine parteipolitische Bindung verzichtet. Damit sind sie unabh\u00e4ngig, um uneingeschr\u00e4nkt ihre Arbeit vor Ort f\u00fcr Ihre Gemeinde zu machen.<\/p>\n\n\n\n<h4 class=\"wp-block-heading\">Warum die FWG Wei\u00dfenthurm w\u00e4hlen? <\/h4>\n\n\n\n<p class=\"has-medium-font-size\">Wir setzen uns f\u00fcr gute Ideen ein, egal aus welcher politischen Richtung sie stammen. Wir setzen uns f\u00fcr Menschen ein, egal aus welchem Umfeld sie stammen. Wir k\u00f6nnen besser zuh\u00f6ren als die andern und k\u00fcmmern uns spontan, um Missst\u00e4nden abzuhelfen. Wir haben Freude am Gestalten &#8211; nicht an der Macht. Bei uns gibt es keinen parteipolitischen Kl\u00fcngel. Bei den Wahlen laufen wir nicht unter &#8222;Ferner liefen&#8230;&#8220;. Im Gegenteil: bei den letzten Kommunalwahlen haben wir mehr Ratssitze errungen als die SPD. <\/p>\n\n\n\n<h4 class=\"wp-block-heading\">Warum bei der FWG Wei\u00dfenthurm mitmachen? <\/h4>\n\n\n\n<p class=\"has-medium-font-size\">Weil ich Lust auf Kommunalpolitik habe &#8211; und weil Parteipolitik auf Kommunaler Ebene nix zu suchen hat<\/p>\n","protected":false},"excerpt":{"rendered":"<p>Wof\u00fcr steht die FWG Wei\u00dfenthurm? Die FWG Wei\u00dfenthurm macht Politik f\u00fcr die B\u00fcrger von Wei\u00dfenthurm. Wir stehen f\u00fcr B\u00fcrgern\u00e4he, Individualit\u00e4t, Spontanit\u00e4t. Durch den Verzicht auf eine parteipolitische Bindung k\u00f6nnen wir uns voll auf die Belange unserer W\u00e4hler konzentrieren und f\u00fcr&hellip; <\/p>\n","protected":false},"author":1,"featured_media":0,"parent":41,"menu_order":2,"comment_status":"closed","ping_status":"closed","template":"","meta":{"footnotes":""},"class_list":["post-379","page","type-page","status-publish","hentry"],"_links":{"self":[{"href":"http:\/\/fwg-weissenthurm.de\/index.php?rest_route=\/wp\/v2\/pages\/379","targetHints":{"allow":["GET"]}}],"collection":[{"href":"http:\/\/fwg-weissenthurm.de\/index.php?rest_route=\/wp\/v2\/pages"}],"about":[{"href":"http:\/\/fwg-weissenthurm.de\/index.php?rest_route=\/wp\/v2\/types\/page"}],"author":[{"embeddable":true,"href":"http:\/\/fwg-weissenthurm.de\/index.php?rest_route=\/wp\/v2\/users\/1"}],"replies":[{"embeddable":true,"href":"http:\/\/fwg-weissenthurm.de\/index.php?rest_route=%2Fwp%2Fv2%2Fcomments&post=379"}],"version-history":[{"count":12,"href":"http:\/\/fwg-weissenthurm.de\/index.php?rest_route=\/wp\/v2\/pages\/379\/revisions"}],"predecessor-version":[{"id":5127,"href":"http:\/\/fwg-weissenthurm.de\/index.php?rest_route=\/wp\/v2\/pages\/379\/revisions\/5127"}],"up":[{"embeddable":true,"href":"http:\/\/fwg-weissenthurm.de\/index.php?rest_route=\/wp\/v2\/pages\/41"}],"wp:attachment":[{"href":"http:\/\/fwg-weissenthurm.de\/index.php?rest_route=%2Fwp%2Fv2%2Fmedia&parent=379"}],"curies":[{"name":"wp","href":"https:\/\/api.w.org\/{rel}","templated":true}]}}