{"id":446,"date":"2019-01-23T12:03:39","date_gmt":"2019-01-23T12:03:39","guid":{"rendered":"http:\/\/fwg-weissenthurm.de\/?page_id=446"},"modified":"2019-01-23T12:17:43","modified_gmt":"2019-01-23T12:17:43","slug":"sicherer-schulweg","status":"publish","type":"page","link":"http:\/\/fwg-weissenthurm.de\/?page_id=446","title":{"rendered":"Sicherer Schulweg"},"content":{"rendered":"\n<h3 class=\"wp-block-heading\">Themenabend am 26.10.2018<\/h3>\n\n\n\n<p><\/p>\n\n\n\n<p>Am 26.10.2018 war das Thema des  Gespr\u00e4chsabend \u201e Sicherer Schulweg\u201c. Neben B\u00fcrgermeister Gerd Heim und dem 2. Beigeordneten Martin Meyen  waren auch einige engagierte Eltern, darunter Vertreter des Schulelternbeirats der Einladung gefolgt. <\/p>\n\n\n\n<p>Ausgangspunkt der Diskussion waren Fu\u00dfg\u00e4nger- und Fahrzeugz\u00e4hlungen der FWG. Demnach werden etwa 120 Kinder von den Eltern mit dem PKW gebracht, 110 Kinder kamen zu Fu\u00df oder mit dem Fahrrad und etwa 50 Kinder mit dem Bus zur Schule.  <\/p>\n\n\n\n<p>Zu der Frage wie die Eltern die Situation empfinden, war man sich schnell einig, dass der sicherste Weg zur Schule der Bus sei, weil er unmittelbar am Eingang der Schule die Kinder abholt bzw. absetzt. Dies ist aber nur f\u00fcr Kinder mit einem Schulweg \u00fcber 2 km kostenlos. Die anderen Kinder bezahlen daf\u00fcr monatlich 40 Euro. Der Schulweg ob zu Fu\u00df oder per Fahrrad\/Roller ist an vielen Stellen wegen h\u00e4ufigem Fahrbahnwechsel, un\u00fcbersichtlichen Kreuzungen, schlechten und zu engen Fu\u00dfwegen gef\u00e4hrlich. Aus Angst vor Unf\u00e4llen bringen viele Eltern ihre Kinder mit dem Auto zur Grundschule.  <\/p>\n\n\n\n<p>Daher kommt es bei der Anfahrt im Schulbereich zu un\u00fcbersichtlichen und gef\u00e4hrlichen Situationen, gerade im Kreuzungsbereich zur Zufahrt der Grundschule. Erschwert wird die Situation durch die Sackgassensituation an der Grundschule. Eltern halten wegen der Sackgassenzufahrt in beide Richtungen an, um die Kinder in unmittelbarer N\u00e4he der Grundschule (Breslauer Stra\u00dfe) raus zu lassen. Dabei behindern sie Fahrzeuge und vor allem die Kinder, die per Fu\u00df oder zu Rad die Grundschule erreichen wollen. Vereinzelt kommt es zu Verkehrsordnungswidrigkeiten. Die Einfahrt zum Schulplatz\/Lehrerparkplatz ist zeitweise durch Elterntaxis blockiert. Andere Eltern lassen ihre Kinder in der stark befahrenen Hermannstra\u00dfe bzw. Danziger Stra\u00dfe aussteigen und behindern damit Ausfahrten bzw. den flie\u00dfenden Verkehr. Hier f\u00fchlen sich die Anwohner mittlerweile sehr stark belastet.  <\/p>\n\n\n\n<p>Bei der Frage nach L\u00f6sungen stand die Forderung \u201eSchulbus f\u00fcr Alle\u201c ganz oben auf der Liste zur Beruhigung der allt\u00e4glichen Fahrzeug-Situation in unmittelbarem Bereich der Grundschule. Alle Beteiligten waren sich einig \u201eSchulbuskinder kommen am Sichersten in der Grundschule an\u201c. Es bleibt das Finanzierungsproblem von derzeit 40 Euro zu l\u00f6sen. Kinder die unter 2 km Fu\u00dfweg zur Grundschule haben, bekommen keine Busfahrkarte. Dies ist \u201eleider\u201c in einem Bundesgesetz so geregelt. Daher ware es wichtig,&nbsp;die Anzahl der busfahrenden Kindern zu steigern.&nbsp;<\/p>\n\n\n\n<p>Zur besseren Anfahrt und f\u00fcr einen sicheren Fu\u00dfweg wurde die Umgestaltung des Kreuzungsbereichs unmittelbar vor der Grundschule angeregt. Hier m\u00fcssen zwingend Fu\u00dfg\u00e4nger\u00fcberwege (Zebrastreifen) eingeplant werden.   <\/p>\n\n\n\n<p> Als direkte Konsequenz dieses Themenabends hat sich nun auch der Bau- und Liegenschaftsauschuss der Stadt Wei\u00dfenthurm am 6.12.2018 mit der Gefahrensituation an der Grundschule besch\u00e4ftigt. Der Teilbereich &#8222;Stra\u00dfenverkehrsbeh\u00f6rde, Brandschutz&#8220; der Verbandsgemeindeverwaltung unter der Leitung von Herbert Vogt hatte einen umfassenden Ma\u00dfnahmenkatalog von 11 Punkten zusammengestellt, der in einer sachorientierten  Sitzung ausf\u00fchrlich diskutiert wurde.  Nach lebhafter Beratung in konstruktiver Atmosph\u00e4re wurden die einzelnen Punkte bewertet.   <\/p>\n\n\n\n<p>Als vordringlichste Ma\u00dfnahme wurde die Umgestaltung der platzartigen Erweiterung  im Kreuzungsbereich zu Beginn der Breslauer Stra\u00dfe identifiziert.  Durch Aufbringung von Markierungen oder anderen Leiteinrichtungen, ggf. auch durch die Einrichtung eines Mini-Kreisverkehrs sollen Fahrbeziehungen und Vorrangsituationen klarer werden. Durch die Einrichtung von Parkverboten soll der Kreuzungsbereich von parkenden Fahrzeugen freigehalten werden, um zu verhindern, dass Schulkinder beim \u00dcberqueren der Kreuzung \u00fcbersehen werden.  Au\u00dferdem sollen sogenannte Eltern-Taxi-Pl\u00e4tze in Teilst\u00fccken der Hermannstra\u00dfe ausgewiesen werden, die ein gefahrloses Aussteigen der Schulkinder erleichtern sollen. Dar\u00fcber hinaus werden Gespr\u00e4che gef\u00fchrt, die bei entsprechendem Ergebnis zur Planung einer zus\u00e4tzlichen Zufahrt bzw. Zuwegung zum Schulgel\u00e4nde f\u00fchren k\u00f6nnten.  Im ersten Schritt sollen diese Ma\u00dfnahmen vorbereitet und die Eltern zu einem Informationsgespr\u00e4ch durch die Stadt eingeladen werden. Es soll \u00fcber die geplanten Ma\u00dfnahmen informiert werden und die Eltern dahingehend sensibilisiert werden, welchen Beitrag sie leisten k\u00f6nnen, damit besondere Gefahrensituationen m\u00f6glichst verhindert werden k\u00f6nnen.  <\/p>\n\n\n\n<p>Sollten wichtige Ma\u00dfnahmen nicht zeitnah durchgef\u00fchrt werden k\u00f6nnen, oder die durchgef\u00fchrten Ma\u00dfnahmen die Verkehrssituation an der Grundschule nicht ausreichend entsch\u00e4rfen, so w\u00e4re dann zu pr\u00fcfen, ob zus\u00e4tzlicher Parkraum f\u00fcr Eltern in einer Entfernung von 150 bis 250 m von der Grundschule zum Holen und Bringen der Grundsch\u00fcler zur Verf\u00fcgung gestellt werden kann.  <\/p>\n\n\n\n<p>Die genannten Ma\u00dfnahmen richten sich vor allem gegen Gefahrensituationen, die durch die hohe Zahl der Privat-PKW, mit denen ein Teil der Kinder zur Grundschule gebracht werden, hervorgerufen werden. Ma\u00dfnahmen, wie die Zahl der Privatfahrzeuge reduziert werden k\u00f6nnte, wurden in der Sitzung noch nicht diskutiert. B\u00fcrgermeister Heim hat aber Gespr\u00e4che mit dem beauftragten Busunternehmen angek\u00fcndigt, um auszuloten, wie Busfahren f\u00fcr die Schulkinder attraktiver gemacht werden k\u00f6nnte.  <\/p>\n\n\n\n<figure class=\"wp-block-image\"><img loading=\"lazy\" decoding=\"async\" width=\"1024\" height=\"683\" src=\"http:\/\/fwg-weissenthurm.de\/wp-content\/uploads\/2018\/11\/fwg2-1024x683.jpg\" alt=\"\" class=\"wp-image-237\" srcset=\"http:\/\/fwg-weissenthurm.de\/wp-content\/uploads\/2018\/11\/fwg2-1024x683.jpg 1024w, http:\/\/fwg-weissenthurm.de\/wp-content\/uploads\/2018\/11\/fwg2-300x200.jpg 300w, http:\/\/fwg-weissenthurm.de\/wp-content\/uploads\/2018\/11\/fwg2-768x512.jpg 768w, http:\/\/fwg-weissenthurm.de\/wp-content\/uploads\/2018\/11\/fwg2-306x205.jpg 306w\" sizes=\"auto, (max-width: 1024px) 100vw, 1024px\" \/><figcaption>Zusammenfassung des Themenabends &#8222;Sicherer Schulweg&#8220;<\/figcaption><\/figure>\n","protected":false},"excerpt":{"rendered":"<p>Themenabend am 26.10.2018 Am 26.10.2018 war das Thema des Gespr\u00e4chsabend \u201e Sicherer Schulweg\u201c. Neben B\u00fcrgermeister Gerd Heim und dem 2. Beigeordneten Martin Meyen waren auch einige engagierte Eltern, darunter Vertreter des Schulelternbeirats der Einladung gefolgt. Ausgangspunkt der Diskussion waren Fu\u00dfg\u00e4nger-&hellip; <\/p>\n","protected":false},"author":1,"featured_media":0,"parent":166,"menu_order":4,"comment_status":"closed","ping_status":"closed","template":"","meta":{"footnotes":""},"class_list":["post-446","page","type-page","status-publish","hentry"],"_links":{"self":[{"href":"http:\/\/fwg-weissenthurm.de\/index.php?rest_route=\/wp\/v2\/pages\/446","targetHints":{"allow":["GET"]}}],"collection":[{"href":"http:\/\/fwg-weissenthurm.de\/index.php?rest_route=\/wp\/v2\/pages"}],"about":[{"href":"http:\/\/fwg-weissenthurm.de\/index.php?rest_route=\/wp\/v2\/types\/page"}],"author":[{"embeddable":true,"href":"http:\/\/fwg-weissenthurm.de\/index.php?rest_route=\/wp\/v2\/users\/1"}],"replies":[{"embeddable":true,"href":"http:\/\/fwg-weissenthurm.de\/index.php?rest_route=%2Fwp%2Fv2%2Fcomments&post=446"}],"version-history":[{"count":3,"href":"http:\/\/fwg-weissenthurm.de\/index.php?rest_route=\/wp\/v2\/pages\/446\/revisions"}],"predecessor-version":[{"id":454,"href":"http:\/\/fwg-weissenthurm.de\/index.php?rest_route=\/wp\/v2\/pages\/446\/revisions\/454"}],"up":[{"embeddable":true,"href":"http:\/\/fwg-weissenthurm.de\/index.php?rest_route=\/wp\/v2\/pages\/166"}],"wp:attachment":[{"href":"http:\/\/fwg-weissenthurm.de\/index.php?rest_route=%2Fwp%2Fv2%2Fmedia&parent=446"}],"curies":[{"name":"wp","href":"https:\/\/api.w.org\/{rel}","templated":true}]}}