{"id":5014,"date":"2023-06-08T15:00:10","date_gmt":"2023-06-08T15:00:10","guid":{"rendered":"http:\/\/fwg-weissenthurm.de\/?page_id=5014"},"modified":"2024-01-27T10:23:26","modified_gmt":"2024-01-27T10:23:26","slug":"antraege-2019-2024","status":"publish","type":"page","link":"http:\/\/fwg-weissenthurm.de\/?page_id=5014","title":{"rendered":"Antr\u00e4ge 2019 &#8211; 2024"},"content":{"rendered":"\n<p><a href=\"http:\/\/fwg-weissenthurm.de\/wp-content\/uploads\/2024\/01\/Antrag_Ausbesserungsarbeiten_2023_07_19.pdf\">Antrag zu Stra\u00dfenausbesserungsarbeiten vom 19.7.2023<\/a><\/p>\n\n\n\n<p><a href=\"http:\/\/fwg-weissenthurm.de\/wp-content\/uploads\/2024\/01\/Anfrage_Stadtrat_14.12.2023.pdf\">Anfrage: Was ist liegengeblieben? f\u00fcr den Stadtrat am 14.12.2023<\/a><\/p>\n\n\n\n<p><a href=\"http:\/\/fwg-weissenthurm.de\/wp-content\/uploads\/2023\/06\/Antrag_Wohnmobilstellplatz_2.pdf\">Antrag Wohnmobilstellplatz_2 vom 7.6.2023<\/a><\/p>\n\n\n\n<p><a href=\"http:\/\/fwg-weissenthurm.de\/wp-content\/uploads\/2023\/06\/Spende-Liegebaenke.pdf\">Spende Liegeb\u00e4nke vom 24.5.2023<\/a><\/p>\n\n\n\n<p><a href=\"http:\/\/fwg-weissenthurm.de\/wp-content\/uploads\/2023\/06\/Antrag_Nachnutzung_Rheinhell_2022_06_29.pdf\">Antrag Nachnutzung_Rheinhell&nbsp; vom 29.6.2022<\/a><\/p>\n\n\n\n<p><a href=\"http:\/\/fwg-weissenthurm.de\/wp-content\/uploads\/2023\/06\/Antrag_Alter-Friedhof_2022_05_11.pdf\">Antrag Alter Friedhof vom 11.5.2022<\/a><\/p>\n\n\n\n<p><a href=\"http:\/\/fwg-weissenthurm.de\/wp-content\/uploads\/2023\/06\/Fahrradabstellanlage-Neu-27.4.2022.pdfv\">Fahrradabstellanlage Neu 27.4.2022<\/a><\/p>\n\n\n\n<p><a href=\"http:\/\/fwg-weissenthurm.de\/wp-content\/uploads\/2023\/06\/Antrag-Cage-Soccer6.4.2022.pdfhttp:\/\/fwg-weissenthurm.de\/wp-content\/uploads\/2023\/06\/Antrag-Cage-Soccer6.4.2022.pdfv\">Antrag Cage Soccer vom 6.4.2022<\/a><\/p>\n\n\n\n<p><a href=\"http:\/\/fwg-weissenthurm.de\/wp-content\/uploads\/2023\/06\/Antrag_Wohnmobilstellplatz.pdf\">Antrag Wohnmobilstellplatz vom 30.03.2022<\/a><\/p>\n\n\n\n<p><a href=\"http:\/\/fwg-weissenthurm.de\/wp-content\/uploads\/2023\/06\/Antrag_Sandkasten.pdf\">Antrag Sandkasten vom 30.03.2022<\/a><\/p>\n\n\n\n<p><a href=\"http:\/\/fwg-weissenthurm.de\/wp-content\/uploads\/2023\/06\/Antrag_Nachbarschaftsfeste-2022.pdf\">Antrag Nachbarschaftsfeste vom 21.11.2021<\/a><\/p>\n\n\n\n<p><a href=\"http:\/\/fwg-weissenthurm.de\/wp-content\/uploads\/2023\/06\/Antrag_Fahrrad-5.pdf\">Antrag Fahrrad 5 vom &nbsp;15.1.2021<\/a><\/p>\n\n\n\n<p><a href=\"http:\/\/fwg-weissenthurm.de\/wp-content\/uploads\/2023\/06\/Antrag-FWG-Friedhofsmauer.pdf\">Antrag FWG Friedhofsmauer vom 12.10.2020<\/a><\/p>\n\n\n\n<p><a href=\"http:\/\/fwg-weissenthurm.de\/wp-content\/uploads\/2023\/06\/Antrag_Biodiversitaet-vom-23.9.2019.pdf\">Antrag Biodiversit\u00e4t vom &nbsp;23.9.2019<\/a><\/p>\n\n\n\n<p><a href=\"http:\/\/fwg-weissenthurm.de\/wp-content\/uploads\/2023\/06\/Antrag_Steingaerten-16.10.2019.pdf\">Antrag Steing\u00e4rten vom 16.10.2019<\/a><\/p>\n\n\n\n<p><a href=\"http:\/\/fwg-weissenthurm.de\/wp-content\/uploads\/2023\/06\/Antrag_Spielplaetze_FWG-und-SPD.pdf\">Antrag Spielpl\u00e4tze_FWG und SPD vom &nbsp;24.9.2022<\/a><\/p>\n\n\n\n<p><a href=\"http:\/\/fwg-weissenthurm.de\/wp-content\/uploads\/2023\/06\/Antrag_Fahrrad-4.pdf\">Antrag Fahrrad 4 vom &nbsp;3.9.2019<\/a><\/p>\n\n\n\n<p><a href=\"http:\/\/fwg-weissenthurm.de\/wp-content\/uploads\/2023\/06\/Antrag_Fahrrad-3.pdf\">Antrag Fahrrad 3 vom &nbsp;3.9.2019<\/a><\/p>\n\n\n\n<p><a href=\"http:\/\/fwg-weissenthurm.de\/wp-content\/uploads\/2023\/06\/Antrag_Fahrrad-2.pdf\">Antrag Fahrrad 2 vom &nbsp;3.9.2019<\/a><\/p>\n\n\n\n<p><a href=\"http:\/\/fwg-weissenthurm.de\/wp-content\/uploads\/2023\/06\/Antrag_Fahrrad-1.pdf\">Antrag Fahrrad 1 vom &nbsp;3.9.2019<\/a><\/p>\n\n\n\n<p><\/p>\n","protected":false},"excerpt":{"rendered":"<p>Antrag zu Stra\u00dfenausbesserungsarbeiten vom 19.7.2023 Anfrage: Was ist liegengeblieben? f\u00fcr den Stadtrat am 14.12.2023 Antrag Wohnmobilstellplatz_2 vom 7.6.2023 Spende Liegeb\u00e4nke vom 24.5.2023 Antrag Nachnutzung_Rheinhell&nbsp; vom 29.6.2022 Antrag Alter Friedhof vom 11.5.2022 Fahrradabstellanlage Neu 27.4.2022 Antrag Cage Soccer vom 6.4.2022 Antrag&hellip; <\/p>\n","protected":false},"author":1,"featured_media":0,"parent":292,"menu_order":0,"comment_status":"closed","ping_status":"closed","template":"","meta":{"footnotes":""},"class_list":["post-5014","page","type-page","status-publish","hentry"],"_links":{"self":[{"href":"http:\/\/fwg-weissenthurm.de\/index.php?rest_route=\/wp\/v2\/pages\/5014","targetHints":{"allow":["GET"]}}],"collection":[{"href":"http:\/\/fwg-weissenthurm.de\/index.php?rest_route=\/wp\/v2\/pages"}],"about":[{"href":"http:\/\/fwg-weissenthurm.de\/index.php?rest_route=\/wp\/v2\/types\/page"}],"author":[{"embeddable":true,"href":"http:\/\/fwg-weissenthurm.de\/index.php?rest_route=\/wp\/v2\/users\/1"}],"replies":[{"embeddable":true,"href":"http:\/\/fwg-weissenthurm.de\/index.php?rest_route=%2Fwp%2Fv2%2Fcomments&post=5014"}],"version-history":[{"count":4,"href":"http:\/\/fwg-weissenthurm.de\/index.php?rest_route=\/wp\/v2\/pages\/5014\/revisions"}],"predecessor-version":[{"id":5080,"href":"http:\/\/fwg-weissenthurm.de\/index.php?rest_route=\/wp\/v2\/pages\/5014\/revisions\/5080"}],"up":[{"embeddable":true,"href":"http:\/\/fwg-weissenthurm.de\/index.php?rest_route=\/wp\/v2\/pages\/292"}],"wp:attachment":[{"href":"http:\/\/fwg-weissenthurm.de\/index.php?rest_route=%2Fwp%2Fv2%2Fmedia&parent=5014"}],"curies":[{"name":"wp","href":"https:\/\/api.w.org\/{rel}","templated":true}]}}