{"id":5087,"date":"2024-03-10T15:12:46","date_gmt":"2024-03-10T15:12:46","guid":{"rendered":"https:\/\/fwg-weissenthurm.de\/?page_id=5087"},"modified":"2024-07-27T11:45:32","modified_gmt":"2024-07-27T11:45:32","slug":"kommunalwahl-2024","status":"publish","type":"page","link":"http:\/\/fwg-weissenthurm.de\/?page_id=5087","title":{"rendered":"Kommunalwahl 2024"},"content":{"rendered":"\n<p class=\"has-large-font-size\"><strong>Liebe W\u00e4hlerinnen und W\u00e4hler der Stadt Wei\u00dfenthurm. <\/strong><\/p>\n\n\n\n<p class=\"has-medium-font-size\">Wir bedanken uns von Herzen, dass Sie uns und unserem k\u00fcnftigen Stadtb\u00fcrgermeister Johannes Juchem am 9.6.2024 Ihre Stimme geschenkt haben. Eine deutlich verbesserte Wahlbeteiligung von mehr als 45 % zeigt, wie viel mehr Menschen sich f\u00fcr die Kommunalpolitik interessieren als noch in den Jahren zuvor. Und das Ergebnis mit 11 Sitzen im Stadtrat und einem deutlich gew\u00e4hlten B\u00fcrgermeister war \u00fcberw\u00e4ltigend. &nbsp;<\/p>\n\n\n\n<p class=\"has-medium-font-size\">Der neue Stadtrat tritt am 25.7.2024 in seiner konstituierenden Sitzung zusammen und wird dann erstmals vom neu gew\u00e4hlten Stadtb\u00fcrgermeister Johannes Juchem geleitet, der dann auch seine Amtsgesch\u00e4fte vom scheidenden B\u00fcrgermeister Gerd Heim \u00fcbernimmt.<\/p>\n\n\n\n<p class=\"has-medium-font-size\">Sie haben uns damit ein klares Mandat erteilt, das wir gerne annehmen. Wir werden zusammen mit allen gew\u00e4hlten Vertretern der Stadt Wei\u00dfenthurm in respektvollem Umgang eine konstruktive Zusammenarbeit suchen. Und wir werden in den kommenden f\u00fcnf Jahren f\u00fcr mehr Transparenz in den Entscheidungen sorgen. Alle Kandidaten nehmen ihr Mandat ehrenamtlich wahr und kommen aus ihrer Mitte. Auch wir haben bei dem was wir ehrenamtlich und in unserer Freizeit tun Ihren Respekt verdient. Unter Pseudonymen angeschlagene aggressive T\u00f6ne in &#8222;sozialen Netzwerken&#8220; &#8211; damit k\u00f6nnen wir nicht arbeiten. Daher freuen wir uns, wenn Sie die Gelegenheit nutzen, die Ratsmitglieder selbst und pers\u00f6nlich anzusprechen. Nur dann k\u00f6nnen wir uns mit ganzer Kraft f\u00fcr Ihre Belange einsetzen.<\/p>\n\n\n\n<p class=\"has-medium-font-size\">F\u00fcr ein Wei\u00dfenthurm, in dem alle gerne leben!<\/p>\n\n\n\n<figure class=\"wp-block-image size-large\"><img decoding=\"async\" src=\"http:\/\/fwg-weissenthurm.de\/wp-content\/uploads\/2024\/06\/image3-scaled.jpeg\" alt=\"image3.jpeg\"\/><\/figure>\n\n\n\n<p>Bild: Hier unser neuer B\u00fcrgermeister Johannes Juchem mit den 11 Ratsmitgliedern Thomas Gerlach, Sirko Bednarski, Martin Bachmann, Hans-G\u00fcnther P\u00fctz, Christina Juchem, J\u00fcrgen Thilmann, Anja Thilmann, Margarete Thilmann, Christoph Thilmann, Maria Vogt-Stadtfeld und Karl-Otto Vogt<\/p>\n\n\n\n<p><\/p>\n\n\n\n<p class=\"has-medium-font-size\"><strong>Mit diesem Wahlprogramm waren wir ins Rennen gegangen: <\/strong><\/p>\n\n\n\n<p class=\"has-medium-font-size\"><strong>Die vergangenen Jahre haben gezeigt, dass die Welt unberechenbarer geworden ist. Wir sind bereit, uns auch den unvorhergesehenen Herausforderungen zu stellen.<\/strong><\/p>\n\n\n\n<p class=\"has-medium-font-size\"><strong>Damit wir auch gen\u00fcgend Durchschlagskraft haben, gehen Sie am 09.06.2024 zur Wahl und geben uns Ihre Stimme!<\/strong> <strong>F\u00fcr Stadtrat und Verbandsgemeinderat<\/strong><\/p>\n\n\n\n<p class=\"has-medium-font-size\"><strong>Das wollen wir erreichen:<\/strong><\/p>\n\n\n\n<ul class=\"wp-block-list\">\n<li>den Zusammenhalt in Wei\u00dfenthurm f\u00f6rdern und neu Hinzugekommene integrieren<\/li>\n\n\n\n<li>Barrieren abbauen und bei Bedarf unterst\u00fctzen<\/li>\n\n\n\n<li>unsere Stadtplanung auf den Klimawandel ausrichten<\/li>\n\n\n\n<li>Mehr Gr\u00fcn in der Stadt \u2013 f\u00fcr eine lebenswerte Zukunft<\/li>\n\n\n\n<li>unsere Arbeit transparent machen und mehr Mitarbeit erm\u00f6glichen<\/li>\n\n\n\n<li>gut ausgestattete Grundschule mit sicherem Schulweg<\/li>\n\n\n\n<li><a href=\"https:\/\/fwg-weissenthurm.de\/?page_id=5102\" data-type=\"link\" data-id=\"https:\/\/fwg-weissenthurm.de\/?page_id=5102\" target=\"_blank\" rel=\"noreferrer noopener\">Spielpl\u00e4tze und Treffpunkte f\u00fcr alle Altersgruppen<\/a><\/li>\n\n\n\n<li>die Gesundheitsversorgung in der Stadt verbessern<\/li>\n\n\n\n<li>Mobilit\u00e4t zukunftsf\u00e4hig machen<\/li>\n\n\n\n<li>Energie sparen und Erneuerbare Energien selbst erzeugen<\/li>\n<\/ul>\n\n\n\n<p class=\"has-medium-font-size\"><strong>Aktuelle Ma\u00dfnahmen, die wir nach unseren Vorstellungen gestalten wollen &#8211; die Zukunft im Blick, mit m\u00f6glichst viel Eigenleistung und ohne Schnickschnack:<\/strong><\/p>\n\n\n\n<ul class=\"wp-block-list\">\n<li>den <a href=\"https:\/\/fwg-weissenthurm.de\/?page_id=5136\" data-type=\"link\" data-id=\"https:\/\/fwg-weissenthurm.de\/?page_id=5136\" target=\"_blank\" rel=\"noreferrer noopener\">Platz an der Rheinhell<\/a> als Naherholungsgebiet f\u00fcr alle Generationen umgestalten<\/li>\n\n\n\n<li>die Pl\u00e4tze am Rhein ganzj\u00e4hrig nutzen mit Kirmes und Wohnmobilstellplatz<\/li>\n\n\n\n<li>eine praktikable und sichere Fahrradabstellanlage am Bahnhof<\/li>\n\n\n\n<li>endlich eine Bahnhofssanierung &#8211; barrierefrei<\/li>\n\n\n\n<li>eine Trauerhalle auf dem neuen Friedhof f\u00fcr einen w\u00fcrdigen Ort zum Verabschieden<\/li>\n<\/ul>\n\n\n\n<p class=\"has-medium-font-size\"><strong>Unsere Sofortma\u00dfnahmen:<\/strong><\/p>\n\n\n\n<ul class=\"wp-block-list\">\n<li>besser \u00fcber die Arbeit in der Stadt informieren und auf Anregungen der B\u00fcrger eingehen<\/li>\n\n\n\n<li>f\u00fcr mehr Sauberkeit und Sicherheit in der Stadt sorgen<\/li>\n\n\n\n<li>Energieverbrauch der st\u00e4dtischen Geb\u00e4ude pr\u00fcfen und Ausgaben der Stadt&nbsp;senken<\/li>\n\n\n\n<li>Bauhof f\u00fcr nachhaltige <a href=\"https:\/\/fwg-weissenthurm.de\/?page_id=5196\" target=\"_blank\" rel=\"noreferrer noopener\">Stra\u00dfeninstandhaltung in Eigenleistung<\/a> ausstatten<\/li>\n\n\n\n<li>Ausschuss f\u00fcr Entwicklung und Umwelt als Instrument zur Zukunftsgestaltung Wei\u00dfenthurm einsetzen<\/li>\n\n\n\n<li>einen Jugendrat einrichten<\/li>\n<\/ul>\n\n\n\n<p><\/p>\n\n\n\n<p class=\"has-medium-font-size\">In kompakter Form k\u00f6nnen Sie sich alles auch auf unserm <a href=\"http:\/\/fwg-weissenthurm.de\/wp-content\/uploads\/2024\/05\/Wahlflyer_FWG_2024_Lang.pdf\">Wahlflyer 2024 <\/a>anschaun. <\/p>\n\n\n\n<p class=\"has-medium-font-size\"><strong>Wir werden nach und nach zu allen Punkten ausf\u00fchrliche Erl\u00e4uterungen ver\u00f6ffentlichen.<\/strong> <\/p>\n\n\n\n<p class=\"has-medium-font-size\">Die orange hinterlegten Punkte k\u00f6nnen Sie sich bereits ansehen<\/p>\n","protected":false},"excerpt":{"rendered":"<p>Liebe W\u00e4hlerinnen und W\u00e4hler der Stadt Wei\u00dfenthurm. Wir bedanken uns von Herzen, dass Sie uns und unserem k\u00fcnftigen Stadtb\u00fcrgermeister Johannes Juchem am 9.6.2024 Ihre Stimme geschenkt haben. Eine deutlich verbesserte Wahlbeteiligung von mehr als 45 % zeigt, wie viel mehr&hellip; <\/p>\n","protected":false},"author":1,"featured_media":0,"parent":0,"menu_order":3,"comment_status":"closed","ping_status":"closed","template":"","meta":{"footnotes":""},"class_list":["post-5087","page","type-page","status-publish","hentry"],"_links":{"self":[{"href":"http:\/\/fwg-weissenthurm.de\/index.php?rest_route=\/wp\/v2\/pages\/5087","targetHints":{"allow":["GET"]}}],"collection":[{"href":"http:\/\/fwg-weissenthurm.de\/index.php?rest_route=\/wp\/v2\/pages"}],"about":[{"href":"http:\/\/fwg-weissenthurm.de\/index.php?rest_route=\/wp\/v2\/types\/page"}],"author":[{"embeddable":true,"href":"http:\/\/fwg-weissenthurm.de\/index.php?rest_route=\/wp\/v2\/users\/1"}],"replies":[{"embeddable":true,"href":"http:\/\/fwg-weissenthurm.de\/index.php?rest_route=%2Fwp%2Fv2%2Fcomments&post=5087"}],"version-history":[{"count":13,"href":"http:\/\/fwg-weissenthurm.de\/index.php?rest_route=\/wp\/v2\/pages\/5087\/revisions"}],"predecessor-version":[{"id":5305,"href":"http:\/\/fwg-weissenthurm.de\/index.php?rest_route=\/wp\/v2\/pages\/5087\/revisions\/5305"}],"wp:attachment":[{"href":"http:\/\/fwg-weissenthurm.de\/index.php?rest_route=%2Fwp%2Fv2%2Fmedia&parent=5087"}],"curies":[{"name":"wp","href":"https:\/\/api.w.org\/{rel}","templated":true}]}}