{"id":53,"date":"2014-05-01T06:46:27","date_gmt":"2014-05-01T06:46:27","guid":{"rendered":"http:\/\/fwg-weissenthurm.de\/?page_id=53"},"modified":"2019-03-04T11:53:35","modified_gmt":"2019-03-04T11:53:35","slug":"themenabend","status":"publish","type":"page","link":"http:\/\/fwg-weissenthurm.de\/?page_id=53","title":{"rendered":"Vorher an nachher denken"},"content":{"rendered":"\n<h3 class=\"wp-block-heading\">Themenabend 2013<\/h3>\n\n\n\n<p><\/p>\n\n\n<p><del><\/del>Unser Fachexperte <strong>Dr. Achim Lohner<\/strong>, Steuerberater aus Wei\u00dfenthurm, erl\u00e4uterte\u00a0sehr anschaulich\u00a0und lebhaft\u00a0alles Wichtige zu den Themen:\u00a0Testament,\u00a0Vorsorgevollmacht und Patientenverf\u00fcgung,\u00a0Ehevertrag,\u00a0Absicherung der Familie.\u00a0 Dr. Lohner brachte diese oftmals trocken verabreichte Thematik nicht im Stil eines Versicherungsvertreters, sondern anhand zahlreicher Beispiele aus seinem langj\u00e4hrigen Erfahrungsschatz\u00a0\u00fcber 40 interessierten Wei\u00dfenthurmer B\u00fcrgern nahe.<\/p>\n<p><a href=\"http:\/\/fwg-weissenthurm.de\/wp-content\/uploads\/2014\/05\/Themenabend_8.5.14test.jpg\"><img loading=\"lazy\" decoding=\"async\" class=\"alignnone size-full wp-image-107\" src=\"http:\/\/fwg-weissenthurm.de\/wp-content\/uploads\/2014\/05\/Themenabend_8.5.14test.jpg\" alt=\"Themenabend_8.5.14test\" width=\"4288\" height=\"2848\" srcset=\"http:\/\/fwg-weissenthurm.de\/wp-content\/uploads\/2014\/05\/Themenabend_8.5.14test.jpg 4288w, http:\/\/fwg-weissenthurm.de\/wp-content\/uploads\/2014\/05\/Themenabend_8.5.14test-300x199.jpg 300w, http:\/\/fwg-weissenthurm.de\/wp-content\/uploads\/2014\/05\/Themenabend_8.5.14test-1024x680.jpg 1024w, http:\/\/fwg-weissenthurm.de\/wp-content\/uploads\/2014\/05\/Themenabend_8.5.14test-624x414.jpg 624w\" sizes=\"auto, (max-width: 4288px) 100vw, 4288px\" \/><\/a><\/p>\n<p>Eine Fortf\u00fchrung der Themenreihe ist auch nach der Wahl geplant.<\/p>\n<div>\u00a0<\/div>\n<div>\u00a0<\/div>\n<div>\u00a0<\/div>","protected":false},"excerpt":{"rendered":"<p>Themenabend 2013 Unser Fachexperte Dr. Achim Lohner, Steuerberater aus Wei\u00dfenthurm, erl\u00e4uterte\u00a0sehr anschaulich\u00a0und lebhaft\u00a0alles Wichtige zu den Themen:\u00a0Testament,\u00a0Vorsorgevollmacht und Patientenverf\u00fcgung,\u00a0Ehevertrag,\u00a0Absicherung der Familie.\u00a0 Dr. Lohner brachte diese oftmals trocken verabreichte Thematik nicht im Stil eines Versicherungsvertreters, sondern anhand zahlreicher Beispiele aus seinem&hellip; <\/p>\n","protected":false},"author":1,"featured_media":0,"parent":166,"menu_order":10,"comment_status":"closed","ping_status":"closed","template":"","meta":{"footnotes":""},"class_list":["post-53","page","type-page","status-publish","hentry"],"_links":{"self":[{"href":"http:\/\/fwg-weissenthurm.de\/index.php?rest_route=\/wp\/v2\/pages\/53","targetHints":{"allow":["GET"]}}],"collection":[{"href":"http:\/\/fwg-weissenthurm.de\/index.php?rest_route=\/wp\/v2\/pages"}],"about":[{"href":"http:\/\/fwg-weissenthurm.de\/index.php?rest_route=\/wp\/v2\/types\/page"}],"author":[{"embeddable":true,"href":"http:\/\/fwg-weissenthurm.de\/index.php?rest_route=\/wp\/v2\/users\/1"}],"replies":[{"embeddable":true,"href":"http:\/\/fwg-weissenthurm.de\/index.php?rest_route=%2Fwp%2Fv2%2Fcomments&post=53"}],"version-history":[{"count":13,"href":"http:\/\/fwg-weissenthurm.de\/index.php?rest_route=\/wp\/v2\/pages\/53\/revisions"}],"predecessor-version":[{"id":426,"href":"http:\/\/fwg-weissenthurm.de\/index.php?rest_route=\/wp\/v2\/pages\/53\/revisions\/426"}],"up":[{"embeddable":true,"href":"http:\/\/fwg-weissenthurm.de\/index.php?rest_route=\/wp\/v2\/pages\/166"}],"wp:attachment":[{"href":"http:\/\/fwg-weissenthurm.de\/index.php?rest_route=%2Fwp%2Fv2%2Fmedia&parent=53"}],"curies":[{"name":"wp","href":"https:\/\/api.w.org\/{rel}","templated":true}]}}