{"id":716,"date":"2019-02-10T13:11:45","date_gmt":"2019-02-10T13:11:45","guid":{"rendered":"http:\/\/fwg-weissenthurm.de\/?page_id=716"},"modified":"2019-02-10T14:01:24","modified_gmt":"2019-02-10T14:01:24","slug":"listenplatz-2","status":"publish","type":"page","link":"http:\/\/fwg-weissenthurm.de\/?page_id=716","title":{"rendered":"Listenplatz 2"},"content":{"rendered":"\n<h1 class=\"wp-block-heading\">Johannes Juchem<\/h1>\n\n\n\n<p class=\"has-text-color has-very-light-gray-color\">.<\/p>\n\n\n\n<figure class=\"wp-block-image is-resized\"><img loading=\"lazy\" decoding=\"async\" src=\"http:\/\/fwg-weissenthurm.de\/wp-content\/uploads\/2019\/02\/JuchemJohannesFWGweissenthurmLeger-768x1024.jpg\" alt=\"\" class=\"wp-image-720\" width=\"384\" height=\"512\" srcset=\"http:\/\/fwg-weissenthurm.de\/wp-content\/uploads\/2019\/02\/JuchemJohannesFWGweissenthurmLeger-768x1024.jpg 768w, http:\/\/fwg-weissenthurm.de\/wp-content\/uploads\/2019\/02\/JuchemJohannesFWGweissenthurmLeger-225x300.jpg 225w, http:\/\/fwg-weissenthurm.de\/wp-content\/uploads\/2019\/02\/JuchemJohannesFWGweissenthurmLeger.jpg 960w\" sizes=\"auto, (max-width: 384px) 100vw, 384px\" \/><figcaption><br><\/figcaption><\/figure>\n\n\n\n<p class=\"has-medium-font-size\"><strong>geboren:<\/strong> 1966 in Andernach<\/p>\n\n\n\n<p class=\"has-medium-font-size\"><strong>Beruf: <\/strong>H\u00fcttenfacharbeiter im 3-Schichtbetrieb bei Rasselstein in Andernach<\/p>\n\n\n\n<p class=\"has-medium-font-size\"><strong>Familie: <\/strong>verheiratet mit Christina Juchem und Vater zweier Kinder<\/p>\n\n\n\n<p class=\"has-medium-font-size\"><strong>Ehrenamtliche T\u00e4tigkeiten:<\/strong> <\/p>\n\n\n\n<p class=\"has-medium-font-size\">Kassierer der FWG Wei\u00dfenthurm<\/p>\n\n\n\n<p class=\"has-medium-font-size\">Stadtrat f\u00fcr die FWG Wei\u00dfenthurm<\/p>\n\n\n\n<p class=\"has-medium-font-size\">Schriftf\u00fchrer der B\u00fcrgerinitiative WIR gegen Bahnl\u00e4rm in der VG Wei\u00dfenthurm<\/p>\n\n\n\n<p class=\"has-medium-font-size\">Gesch\u00e4ftsf\u00fchrer im Verkehrs-und Versch\u00f6nerungs-Verein Wei\u00dfenthurm<\/p>\n\n\n\n<p class=\"has-medium-font-size\">Vorsitzender des Modell-Sport-Club M\u00fclheim-K\u00e4rlich<\/p>\n\n\n\n<p class=\"has-medium-font-size\">Gr\u00fcndungsmitglied des F\u00f6rdervereins der Kita St. Franziskus<\/p>\n\n\n\n<p class=\"has-medium-font-size\">Aktives Mitglied der Helfenden H\u00e4nde in der VG Wei\u00dfenthurm<\/p>\n\n\n\n<p class=\"has-medium-font-size\"><strong>Warum bin ich in der FWG? <\/strong><\/p>\n\n\n\n<p class=\"has-medium-font-size\">Weil ich mich ohne Partei- und Fraktionszwang, als Vertreter, derer die mich w\u00e4hlen in den Gremien der Stadt, praktische, sachbezogene Ortspolitik machen m\u00f6chte. Wei\u00dfenthurm ist mir wichtig!<\/p>\n\n\n\n<p class=\"has-medium-font-size\"><strong>Wof\u00fcr will ich mich besonders einsetzen? <\/strong><\/p>\n\n\n\n<p class=\"has-medium-font-size\">Klimaschutz <\/p>\n\n\n\n<p class=\"has-medium-font-size\">Fahrradmobilit\u00e4t <\/p>\n\n\n\n<p class=\"has-medium-font-size\">Barrierefreiheit <\/p>\n\n\n\n<p class=\"has-medium-font-size\">Ein starkes Wei\u00dfenthurm in einer starken Verbandsgemeinde<\/p>\n","protected":false},"excerpt":{"rendered":"<p>Johannes Juchem . geboren: 1966 in Andernach Beruf: H\u00fcttenfacharbeiter im 3-Schichtbetrieb bei Rasselstein in Andernach Familie: verheiratet mit Christina Juchem und Vater zweier Kinder Ehrenamtliche T\u00e4tigkeiten: Kassierer der FWG Wei\u00dfenthurm Stadtrat f\u00fcr die FWG Wei\u00dfenthurm Schriftf\u00fchrer der B\u00fcrgerinitiative WIR gegen&hellip; <\/p>\n","protected":false},"author":1,"featured_media":0,"parent":723,"menu_order":1,"comment_status":"closed","ping_status":"closed","template":"","meta":{"footnotes":""},"class_list":["post-716","page","type-page","status-publish","hentry"],"_links":{"self":[{"href":"http:\/\/fwg-weissenthurm.de\/index.php?rest_route=\/wp\/v2\/pages\/716","targetHints":{"allow":["GET"]}}],"collection":[{"href":"http:\/\/fwg-weissenthurm.de\/index.php?rest_route=\/wp\/v2\/pages"}],"about":[{"href":"http:\/\/fwg-weissenthurm.de\/index.php?rest_route=\/wp\/v2\/types\/page"}],"author":[{"embeddable":true,"href":"http:\/\/fwg-weissenthurm.de\/index.php?rest_route=\/wp\/v2\/users\/1"}],"replies":[{"embeddable":true,"href":"http:\/\/fwg-weissenthurm.de\/index.php?rest_route=%2Fwp%2Fv2%2Fcomments&post=716"}],"version-history":[{"count":7,"href":"http:\/\/fwg-weissenthurm.de\/index.php?rest_route=\/wp\/v2\/pages\/716\/revisions"}],"predecessor-version":[{"id":738,"href":"http:\/\/fwg-weissenthurm.de\/index.php?rest_route=\/wp\/v2\/pages\/716\/revisions\/738"}],"up":[{"embeddable":true,"href":"http:\/\/fwg-weissenthurm.de\/index.php?rest_route=\/wp\/v2\/pages\/723"}],"wp:attachment":[{"href":"http:\/\/fwg-weissenthurm.de\/index.php?rest_route=%2Fwp%2Fv2%2Fmedia&parent=716"}],"curies":[{"name":"wp","href":"https:\/\/api.w.org\/{rel}","templated":true}]}}