{"id":742,"date":"2019-02-10T14:14:51","date_gmt":"2019-02-10T14:14:51","guid":{"rendered":"http:\/\/fwg-weissenthurm.de\/?page_id=742"},"modified":"2019-02-10T14:16:05","modified_gmt":"2019-02-10T14:16:05","slug":"listenplatz-4","status":"publish","type":"page","link":"http:\/\/fwg-weissenthurm.de\/?page_id=742","title":{"rendered":"Listenplatz 4"},"content":{"rendered":"\n<h1 class=\"wp-block-heading\">Sirko Bednarski<\/h1>\n\n\n\n<p class=\"has-text-color has-very-light-gray-color\">..<\/p>\n\n\n\n<figure class=\"wp-block-image is-resized\"><img loading=\"lazy\" decoding=\"async\" src=\"http:\/\/fwg-weissenthurm.de\/wp-content\/uploads\/2019\/02\/BednarskiSirkoFWGweissenthurm-768x1024.jpg\" alt=\"\" class=\"wp-image-743\" width=\"384\" height=\"512\" srcset=\"http:\/\/fwg-weissenthurm.de\/wp-content\/uploads\/2019\/02\/BednarskiSirkoFWGweissenthurm-768x1024.jpg 768w, http:\/\/fwg-weissenthurm.de\/wp-content\/uploads\/2019\/02\/BednarskiSirkoFWGweissenthurm-225x300.jpg 225w, http:\/\/fwg-weissenthurm.de\/wp-content\/uploads\/2019\/02\/BednarskiSirkoFWGweissenthurm.jpg 960w\" sizes=\"auto, (max-width: 384px) 100vw, 384px\" \/><\/figure>\n\n\n\n<p class=\"has-medium-font-size\"><strong>geboren: <\/strong>1972 in Nordhausen\/Th\u00fcringen, seit Sommer 2013 offizieller Einwohner von Wei\u00dfenthurm<\/p>\n\n\n\n<p class=\"has-medium-font-size\"><strong>Beruf: <\/strong>Soldat im BAAINBw in Koblenz, Projektleiter der BwFuhrparkService GmbH<\/p>\n\n\n\n<p class=\"has-medium-font-size\"><strong>Familie: <\/strong>verheiratet mit Cathrin Bednarski und Vater zweier Kinder<\/p>\n\n\n\n<p class=\"has-medium-font-size\"><strong>Ehrenamtliche T\u00e4tigkeiten:<\/strong><\/p>\n\n\n\n<p class=\"has-medium-font-size\">Vorstand in der Truppenkameradschaft BAAINBw im DBwV<\/p>\n\n\n\n<p class=\"has-medium-font-size\">Mitglied in der Standortkameradschaft Koblenz im DBwV<\/p>\n\n\n\n<p class=\"has-medium-font-size\">Soldatensprecher im Gesamtpersonalrat BAAINBw<\/p>\n\n\n\n<p class=\"has-medium-font-size\">Berater T\u00dcV Rheinland im Kraftfahrwesen<\/p>\n\n\n\n<p class=\"has-medium-font-size\">Leiter Laufsportgruppe im BAAINBw <\/p>\n\n\n\n<p class=\"has-medium-font-size\"><strong>Warum bin ich in der FWG:<\/strong><\/p>\n\n\n\n<p class=\"has-medium-font-size\">weil ich mich f\u00fcr Wei\u00dfenthurm stark machen m\u00f6chte und dies unabh\u00e4ngig von\netablierten Parteien mit starrem Programm. Bei der FWG werden neue und moderne\nIdeen wahrgenommen und M\u00f6glichkeiten der Umsetzung gesucht. FWG ist f\u00fcr mich eine\nVereinigung mit Zukunft.<\/p>\n\n\n\n<p class=\"has-medium-font-size\"><strong>Wof\u00fcr will ich mich besonders einsetzen:<\/strong><\/p>\n\n\n\n<p class=\"has-medium-font-size\">Wei\u00dfenthurm \u2013 eine Stadt mit positiver Ausstrahlung<\/p>\n\n\n\n<p class=\"has-medium-font-size\">Wei\u00dfenthurm \u2013 eine Stadt in der die Menschen gerne leben wollen<\/p>\n\n\n\n<p class=\"has-medium-font-size\">Wei\u00dfenthurm \u2013 eine Stadt mit weniger Verkehr, vor allem Durchgangsverkehr\nauf der Hauptstra\u00dfe<\/p>\n","protected":false},"excerpt":{"rendered":"<p>Sirko Bednarski .. geboren: 1972 in Nordhausen\/Th\u00fcringen, seit Sommer 2013 offizieller Einwohner von Wei\u00dfenthurm Beruf: Soldat im BAAINBw in Koblenz, Projektleiter der BwFuhrparkService GmbH Familie: verheiratet mit Cathrin Bednarski und Vater zweier Kinder Ehrenamtliche T\u00e4tigkeiten: Vorstand in der Truppenkameradschaft BAAINBw&hellip; <\/p>\n","protected":false},"author":1,"featured_media":0,"parent":723,"menu_order":3,"comment_status":"closed","ping_status":"closed","template":"","meta":{"footnotes":""},"class_list":["post-742","page","type-page","status-publish","hentry"],"_links":{"self":[{"href":"http:\/\/fwg-weissenthurm.de\/index.php?rest_route=\/wp\/v2\/pages\/742","targetHints":{"allow":["GET"]}}],"collection":[{"href":"http:\/\/fwg-weissenthurm.de\/index.php?rest_route=\/wp\/v2\/pages"}],"about":[{"href":"http:\/\/fwg-weissenthurm.de\/index.php?rest_route=\/wp\/v2\/types\/page"}],"author":[{"embeddable":true,"href":"http:\/\/fwg-weissenthurm.de\/index.php?rest_route=\/wp\/v2\/users\/1"}],"replies":[{"embeddable":true,"href":"http:\/\/fwg-weissenthurm.de\/index.php?rest_route=%2Fwp%2Fv2%2Fcomments&post=742"}],"version-history":[{"count":2,"href":"http:\/\/fwg-weissenthurm.de\/index.php?rest_route=\/wp\/v2\/pages\/742\/revisions"}],"predecessor-version":[{"id":745,"href":"http:\/\/fwg-weissenthurm.de\/index.php?rest_route=\/wp\/v2\/pages\/742\/revisions\/745"}],"up":[{"embeddable":true,"href":"http:\/\/fwg-weissenthurm.de\/index.php?rest_route=\/wp\/v2\/pages\/723"}],"wp:attachment":[{"href":"http:\/\/fwg-weissenthurm.de\/index.php?rest_route=%2Fwp%2Fv2%2Fmedia&parent=742"}],"curies":[{"name":"wp","href":"https:\/\/api.w.org\/{rel}","templated":true}]}}