{"id":750,"date":"2019-02-16T07:49:22","date_gmt":"2019-02-16T07:49:22","guid":{"rendered":"http:\/\/fwg-weissenthurm.de\/?page_id=750"},"modified":"2019-03-24T10:49:22","modified_gmt":"2019-03-24T10:49:22","slug":"listenplatz-5","status":"publish","type":"page","link":"http:\/\/fwg-weissenthurm.de\/?page_id=750","title":{"rendered":"Listenplatz 5"},"content":{"rendered":"\n<h1 class=\"wp-block-heading\">Martin Bachmann<\/h1>\n\n\n\n<p class=\"has-text-color has-very-light-gray-color\">.<\/p>\n\n\n\n<figure class=\"wp-block-image is-resized\"><img loading=\"lazy\" decoding=\"async\" src=\"http:\/\/fwg-weissenthurm.de\/wp-content\/uploads\/2019\/02\/BachmannMartinFWGweissenthurm-768x1024.jpg\" alt=\"\" class=\"wp-image-751\" width=\"384\" height=\"512\" srcset=\"http:\/\/fwg-weissenthurm.de\/wp-content\/uploads\/2019\/02\/BachmannMartinFWGweissenthurm-768x1024.jpg 768w, http:\/\/fwg-weissenthurm.de\/wp-content\/uploads\/2019\/02\/BachmannMartinFWGweissenthurm-225x300.jpg 225w, http:\/\/fwg-weissenthurm.de\/wp-content\/uploads\/2019\/02\/BachmannMartinFWGweissenthurm.jpg 960w\" sizes=\"auto, (max-width: 384px) 100vw, 384px\" \/><\/figure>\n\n\n\n<p class=\"has-medium-font-size\"><strong>geboren: <\/strong>1965 in Neuwied<\/p>\n\n\n\n<p class=\"has-medium-font-size\"><strong>Beruf: <\/strong>Projektleiter f\u00fcr haustechnische Anlagen (Heizung \u2013 L\u00fcftung \u2013 Klima \u2013 Sanit\u00e4r)<\/p>\n\n\n\n<p class=\"has-medium-font-size\"><strong>Familie:<\/strong> verheiratet mit Gudrun Bachmann und Vater zweier Kinder<\/p>\n\n\n\n<p class=\"has-medium-font-size\"><strong>Ehrenamtliche T\u00e4tigkeiten:<\/strong><\/p>\n\n\n\n<p class=\"has-medium-font-size\">Stellv. Vorsitzender der FWG Wei\u00dfenthurm<\/p>\n\n\n\n<p class=\"has-medium-font-size\">Engagiert und aktiv in verschiedenen Vereinen in Wei\u00dfenthurm und Umgebung <\/p>\n\n\n\n<p class=\"has-medium-font-size\"><strong>Warum bin ich in der FWG: &nbsp;<\/strong><\/p>\n\n\n\n<p class=\"has-medium-font-size\">Stillstand ist R\u00fcckschritt. Wer sich in Wei\u00dfenthurm umschaut, erkennt an allen Ecken dringenden Handlungsbedarf. Die \u00fcberregionale Politik ist nicht mein Ding. Wird aber f\u00e4lschlicher Weise immer wieder f\u00fcr Wahlkampf und Meinungsmache herangezogen. Die \u201ekleinen\u201c Dinge (Verkehrs- und Radwege im Ort, Kindergarten, sichere Schulwege, saubere Stadt, B\u00e4ume und Gr\u00fcnfl\u00e4chen etc.) machen doch das Leben in Wei\u00dfenthurm erst lebenswert. Hierf\u00fcr setzte ich mich ein. <\/p>\n","protected":false},"excerpt":{"rendered":"<p>Martin Bachmann . geboren: 1965 in Neuwied Beruf: Projektleiter f\u00fcr haustechnische Anlagen (Heizung \u2013 L\u00fcftung \u2013 Klima \u2013 Sanit\u00e4r) Familie: verheiratet mit Gudrun Bachmann und Vater zweier Kinder Ehrenamtliche T\u00e4tigkeiten: Stellv. Vorsitzender der FWG Wei\u00dfenthurm Engagiert und aktiv in verschiedenen&hellip; <\/p>\n","protected":false},"author":1,"featured_media":0,"parent":723,"menu_order":4,"comment_status":"closed","ping_status":"closed","template":"","meta":{"footnotes":""},"class_list":["post-750","page","type-page","status-publish","hentry"],"_links":{"self":[{"href":"http:\/\/fwg-weissenthurm.de\/index.php?rest_route=\/wp\/v2\/pages\/750","targetHints":{"allow":["GET"]}}],"collection":[{"href":"http:\/\/fwg-weissenthurm.de\/index.php?rest_route=\/wp\/v2\/pages"}],"about":[{"href":"http:\/\/fwg-weissenthurm.de\/index.php?rest_route=\/wp\/v2\/types\/page"}],"author":[{"embeddable":true,"href":"http:\/\/fwg-weissenthurm.de\/index.php?rest_route=\/wp\/v2\/users\/1"}],"replies":[{"embeddable":true,"href":"http:\/\/fwg-weissenthurm.de\/index.php?rest_route=%2Fwp%2Fv2%2Fcomments&post=750"}],"version-history":[{"count":3,"href":"http:\/\/fwg-weissenthurm.de\/index.php?rest_route=\/wp\/v2\/pages\/750\/revisions"}],"predecessor-version":[{"id":989,"href":"http:\/\/fwg-weissenthurm.de\/index.php?rest_route=\/wp\/v2\/pages\/750\/revisions\/989"}],"up":[{"embeddable":true,"href":"http:\/\/fwg-weissenthurm.de\/index.php?rest_route=\/wp\/v2\/pages\/723"}],"wp:attachment":[{"href":"http:\/\/fwg-weissenthurm.de\/index.php?rest_route=%2Fwp%2Fv2%2Fmedia&parent=750"}],"curies":[{"name":"wp","href":"https:\/\/api.w.org\/{rel}","templated":true}]}}