{"id":773,"date":"2019-02-16T08:20:54","date_gmt":"2019-02-16T08:20:54","guid":{"rendered":"http:\/\/fwg-weissenthurm.de\/?page_id=773"},"modified":"2019-02-17T10:41:38","modified_gmt":"2019-02-17T10:41:38","slug":"listenplatz-10","status":"publish","type":"page","link":"http:\/\/fwg-weissenthurm.de\/?page_id=773","title":{"rendered":"Listenplatz 10"},"content":{"rendered":"\n<h1 class=\"wp-block-heading\">Christina Juchem<\/h1>\n\n\n\n<p class=\"has-text-color has-very-light-gray-color\">.<\/p>\n\n\n\n<figure class=\"wp-block-image is-resized\"><img loading=\"lazy\" decoding=\"async\" src=\"http:\/\/fwg-weissenthurm.de\/wp-content\/uploads\/2019\/02\/JuchemChristinaFWGweissenthurm-768x1024.jpg\" alt=\"\" class=\"wp-image-774\" width=\"384\" height=\"512\" srcset=\"http:\/\/fwg-weissenthurm.de\/wp-content\/uploads\/2019\/02\/JuchemChristinaFWGweissenthurm-768x1024.jpg 768w, http:\/\/fwg-weissenthurm.de\/wp-content\/uploads\/2019\/02\/JuchemChristinaFWGweissenthurm-225x300.jpg 225w, http:\/\/fwg-weissenthurm.de\/wp-content\/uploads\/2019\/02\/JuchemChristinaFWGweissenthurm.jpg 960w\" sizes=\"auto, (max-width: 384px) 100vw, 384px\" \/><\/figure>\n\n\n\n<p class=\"has-medium-font-size\"><strong>geboren: \u00a0<\/strong>1970 in Euskirchen, lebt seit 1999 in Wei\u00dfenthurm<\/p>\n\n\n\n<p class=\"has-medium-font-size\"><strong>Beruf: <\/strong>Konditorin<\/p>\n\n\n\n<p class=\"has-medium-font-size\"><strong>Familie: <\/strong>verheiratet mit Johannes Juchem und Mutter zweier Kinder<\/p>\n\n\n\n<p class=\"has-medium-font-size\"><strong>Ehrenamtliche T\u00e4tigkeiten:<\/strong><\/p>\n\n\n\n<p class=\"has-medium-font-size\">Gr\u00fcndungsmitglied der \u00a0FWG Wei\u00dfenthurm<\/p>\n\n\n\n<p class=\"has-medium-font-size\">Aktives Mitglied der Helfenden H\u00e4nde in der VG Wei\u00dfenthurm<\/p>\n\n\n\n<p class=\"has-medium-font-size\"><strong>Warum bin ich in der FWG:<\/strong><\/p>\n\n\n\n<p class=\"has-medium-font-size\">Ich m\u00f6chte mich f\u00fcr Wei\u00dfenthurm einsetzen und dies in einer Vereinigung mit\nZukunft<\/p>\n\n\n\n<p class=\"has-medium-font-size\"><strong>Wof\u00fcr will ich mich besonders einsetzen:<\/strong><\/p>\n\n\n\n<p class=\"has-medium-font-size\">Klimaschutz<\/p>\n\n\n\n<p class=\"has-medium-font-size\">Barrierefreiheit<\/p>\n\n\n\n<p class=\"has-medium-font-size\">Sichere Schulwege<\/p>\n\n\n\n<p class=\"has-medium-font-size\">Generationsgerechtigkeit<\/p>\n","protected":false},"excerpt":{"rendered":"<p>Christina Juchem . geboren: \u00a01970 in Euskirchen, lebt seit 1999 in Wei\u00dfenthurm Beruf: Konditorin Familie: verheiratet mit Johannes Juchem und Mutter zweier Kinder Ehrenamtliche T\u00e4tigkeiten: Gr\u00fcndungsmitglied der \u00a0FWG Wei\u00dfenthurm Aktives Mitglied der Helfenden H\u00e4nde in der VG Wei\u00dfenthurm Warum bin&hellip; <\/p>\n","protected":false},"author":1,"featured_media":0,"parent":723,"menu_order":9,"comment_status":"closed","ping_status":"closed","template":"","meta":{"footnotes":""},"class_list":["post-773","page","type-page","status-publish","hentry"],"_links":{"self":[{"href":"http:\/\/fwg-weissenthurm.de\/index.php?rest_route=\/wp\/v2\/pages\/773","targetHints":{"allow":["GET"]}}],"collection":[{"href":"http:\/\/fwg-weissenthurm.de\/index.php?rest_route=\/wp\/v2\/pages"}],"about":[{"href":"http:\/\/fwg-weissenthurm.de\/index.php?rest_route=\/wp\/v2\/types\/page"}],"author":[{"embeddable":true,"href":"http:\/\/fwg-weissenthurm.de\/index.php?rest_route=\/wp\/v2\/users\/1"}],"replies":[{"embeddable":true,"href":"http:\/\/fwg-weissenthurm.de\/index.php?rest_route=%2Fwp%2Fv2%2Fcomments&post=773"}],"version-history":[{"count":3,"href":"http:\/\/fwg-weissenthurm.de\/index.php?rest_route=\/wp\/v2\/pages\/773\/revisions"}],"predecessor-version":[{"id":828,"href":"http:\/\/fwg-weissenthurm.de\/index.php?rest_route=\/wp\/v2\/pages\/773\/revisions\/828"}],"up":[{"embeddable":true,"href":"http:\/\/fwg-weissenthurm.de\/index.php?rest_route=\/wp\/v2\/pages\/723"}],"wp:attachment":[{"href":"http:\/\/fwg-weissenthurm.de\/index.php?rest_route=%2Fwp%2Fv2%2Fmedia&parent=773"}],"curies":[{"name":"wp","href":"https:\/\/api.w.org\/{rel}","templated":true}]}}