{"id":783,"date":"2019-02-16T08:28:22","date_gmt":"2019-02-16T08:28:22","guid":{"rendered":"http:\/\/fwg-weissenthurm.de\/?page_id=783"},"modified":"2019-02-20T11:22:46","modified_gmt":"2019-02-20T11:22:46","slug":"listenplatz-13","status":"publish","type":"page","link":"http:\/\/fwg-weissenthurm.de\/?page_id=783","title":{"rendered":"Listenplatz 13"},"content":{"rendered":"\n<h1 class=\"wp-block-heading\">Gudrun Bachmann<\/h1>\n\n\n\n<p class=\"has-text-color has-very-light-gray-color\">.<\/p>\n\n\n\n<figure class=\"wp-block-image is-resized\"><img loading=\"lazy\" decoding=\"async\" src=\"http:\/\/fwg-weissenthurm.de\/wp-content\/uploads\/2019\/02\/BachmannGudrunFWGweissenthurm-768x1024.jpg\" alt=\"\" class=\"wp-image-784\" width=\"384\" height=\"512\" srcset=\"http:\/\/fwg-weissenthurm.de\/wp-content\/uploads\/2019\/02\/BachmannGudrunFWGweissenthurm-768x1024.jpg 768w, http:\/\/fwg-weissenthurm.de\/wp-content\/uploads\/2019\/02\/BachmannGudrunFWGweissenthurm-225x300.jpg 225w, http:\/\/fwg-weissenthurm.de\/wp-content\/uploads\/2019\/02\/BachmannGudrunFWGweissenthurm.jpg 960w\" sizes=\"auto, (max-width: 384px) 100vw, 384px\" \/><\/figure>\n\n\n\n<p class=\"has-medium-font-size\"><strong>geboren:<\/strong> 1965 in M\u00fclheim an der Ruhr<\/p>\n\n\n\n<p class=\"has-medium-font-size\"><strong>Beruf: \u00a0<\/strong>Krankenschwester am medizinischen Zentrum Lahnh\u00f6he f\u00fcr Orthop\u00e4die in Lahnstein<\/p>\n\n\n\n<p class=\"has-medium-font-size\"><strong>Familie: \u00a0<\/strong>verheiratet mit Martin Bachmann und Mutter zweier Kinder<\/p>\n\n\n\n<p class=\"has-medium-font-size\"><strong>Ehrenamtliche T\u00e4tigkeiten:<\/strong><\/p>\n\n\n\n<p class=\"has-medium-font-size\">Trainerin f\u00fcr das Kinderturnen in Wei\u00dfenthurm<\/p>\n\n\n\n<p class=\"has-medium-font-size\">Engagiert und aktiv in verschiedenen weiteren Vereinen in Wei\u00dfenthurm und Umgebung<\/p>\n","protected":false},"excerpt":{"rendered":"<p>Gudrun Bachmann . geboren: 1965 in M\u00fclheim an der Ruhr Beruf: \u00a0Krankenschwester am medizinischen Zentrum Lahnh\u00f6he f\u00fcr Orthop\u00e4die in Lahnstein Familie: \u00a0verheiratet mit Martin Bachmann und Mutter zweier Kinder Ehrenamtliche T\u00e4tigkeiten: Trainerin f\u00fcr das Kinderturnen in Wei\u00dfenthurm Engagiert und aktiv&hellip; <\/p>\n","protected":false},"author":1,"featured_media":0,"parent":723,"menu_order":12,"comment_status":"closed","ping_status":"closed","template":"","meta":{"footnotes":""},"class_list":["post-783","page","type-page","status-publish","hentry"],"_links":{"self":[{"href":"http:\/\/fwg-weissenthurm.de\/index.php?rest_route=\/wp\/v2\/pages\/783","targetHints":{"allow":["GET"]}}],"collection":[{"href":"http:\/\/fwg-weissenthurm.de\/index.php?rest_route=\/wp\/v2\/pages"}],"about":[{"href":"http:\/\/fwg-weissenthurm.de\/index.php?rest_route=\/wp\/v2\/types\/page"}],"author":[{"embeddable":true,"href":"http:\/\/fwg-weissenthurm.de\/index.php?rest_route=\/wp\/v2\/users\/1"}],"replies":[{"embeddable":true,"href":"http:\/\/fwg-weissenthurm.de\/index.php?rest_route=%2Fwp%2Fv2%2Fcomments&post=783"}],"version-history":[{"count":2,"href":"http:\/\/fwg-weissenthurm.de\/index.php?rest_route=\/wp\/v2\/pages\/783\/revisions"}],"predecessor-version":[{"id":833,"href":"http:\/\/fwg-weissenthurm.de\/index.php?rest_route=\/wp\/v2\/pages\/783\/revisions\/833"}],"up":[{"embeddable":true,"href":"http:\/\/fwg-weissenthurm.de\/index.php?rest_route=\/wp\/v2\/pages\/723"}],"wp:attachment":[{"href":"http:\/\/fwg-weissenthurm.de\/index.php?rest_route=%2Fwp%2Fv2%2Fmedia&parent=783"}],"curies":[{"name":"wp","href":"https:\/\/api.w.org\/{rel}","templated":true}]}}