{"id":789,"date":"2019-02-16T08:31:36","date_gmt":"2019-02-16T08:31:36","guid":{"rendered":"http:\/\/fwg-weissenthurm.de\/?page_id=789"},"modified":"2019-02-16T08:50:18","modified_gmt":"2019-02-16T08:50:18","slug":"listenplatz-15","status":"publish","type":"page","link":"http:\/\/fwg-weissenthurm.de\/?page_id=789","title":{"rendered":"Listenplatz 15"},"content":{"rendered":"\n<h1 class=\"wp-block-heading\">Maria Stadtfeld-Vogt<\/h1>\n\n\n\n<p class=\"has-text-color has-very-light-gray-color\">.<\/p>\n\n\n\n<figure class=\"wp-block-image is-resized\"><img loading=\"lazy\" decoding=\"async\" src=\"http:\/\/fwg-weissenthurm.de\/wp-content\/uploads\/2019\/02\/StadtfeldVogtMariaFWGweissenthurm-768x1024.jpg\" alt=\"\" class=\"wp-image-790\" width=\"384\" height=\"512\" srcset=\"http:\/\/fwg-weissenthurm.de\/wp-content\/uploads\/2019\/02\/StadtfeldVogtMariaFWGweissenthurm-768x1024.jpg 768w, http:\/\/fwg-weissenthurm.de\/wp-content\/uploads\/2019\/02\/StadtfeldVogtMariaFWGweissenthurm-225x300.jpg 225w, http:\/\/fwg-weissenthurm.de\/wp-content\/uploads\/2019\/02\/StadtfeldVogtMariaFWGweissenthurm.jpg 960w\" sizes=\"auto, (max-width: 384px) 100vw, 384px\" \/><\/figure>\n\n\n\n<p class=\"has-medium-font-size\"><strong>Alter:<\/strong> 68 Jahre <\/p>\n\n\n\n<p class=\"has-medium-font-size\"><strong>Beruf: <\/strong>Rentnerin \u2013 fr\u00fcher Krankenschwester und Leiterin einer Sozialstation (h\u00e4usliche Krankenpflege) <\/p>\n\n\n\n<p class=\"has-medium-font-size\"><strong>Hobby: <\/strong><\/p>\n\n\n\n<p class=\"has-medium-font-size\">Singen im Frauensingkreis<\/p>\n\n\n\n<p class=\"has-medium-font-size\">Mitarbeit bei der Tafel<\/p>\n\n\n\n<p class=\"has-medium-font-size\">Fl\u00fcchtlingsbetreuung\u00a0 <\/p>\n\n\n\n<p class=\"has-medium-font-size\"><strong>Warum bin ich in der FWG?<\/strong> <\/p>\n\n\n\n<p class=\"has-medium-font-size\">Weil wir eine starke Truppe vor Ort brauchen <\/p>\n","protected":false},"excerpt":{"rendered":"<p>Maria Stadtfeld-Vogt . Alter: 68 Jahre Beruf: Rentnerin \u2013 fr\u00fcher Krankenschwester und Leiterin einer Sozialstation (h\u00e4usliche Krankenpflege) Hobby: Singen im Frauensingkreis Mitarbeit bei der Tafel Fl\u00fcchtlingsbetreuung\u00a0 Warum bin ich in der FWG? Weil wir eine starke Truppe vor Ort brauchen<\/p>\n","protected":false},"author":1,"featured_media":0,"parent":723,"menu_order":14,"comment_status":"closed","ping_status":"closed","template":"","meta":{"footnotes":""},"class_list":["post-789","page","type-page","status-publish","hentry"],"_links":{"self":[{"href":"http:\/\/fwg-weissenthurm.de\/index.php?rest_route=\/wp\/v2\/pages\/789","targetHints":{"allow":["GET"]}}],"collection":[{"href":"http:\/\/fwg-weissenthurm.de\/index.php?rest_route=\/wp\/v2\/pages"}],"about":[{"href":"http:\/\/fwg-weissenthurm.de\/index.php?rest_route=\/wp\/v2\/types\/page"}],"author":[{"embeddable":true,"href":"http:\/\/fwg-weissenthurm.de\/index.php?rest_route=\/wp\/v2\/users\/1"}],"replies":[{"embeddable":true,"href":"http:\/\/fwg-weissenthurm.de\/index.php?rest_route=%2Fwp%2Fv2%2Fcomments&post=789"}],"version-history":[{"count":3,"href":"http:\/\/fwg-weissenthurm.de\/index.php?rest_route=\/wp\/v2\/pages\/789\/revisions"}],"predecessor-version":[{"id":797,"href":"http:\/\/fwg-weissenthurm.de\/index.php?rest_route=\/wp\/v2\/pages\/789\/revisions\/797"}],"up":[{"embeddable":true,"href":"http:\/\/fwg-weissenthurm.de\/index.php?rest_route=\/wp\/v2\/pages\/723"}],"wp:attachment":[{"href":"http:\/\/fwg-weissenthurm.de\/index.php?rest_route=%2Fwp%2Fv2%2Fmedia&parent=789"}],"curies":[{"name":"wp","href":"https:\/\/api.w.org\/{rel}","templated":true}]}}