{"id":999,"date":"2019-04-11T14:22:49","date_gmt":"2019-04-11T14:22:49","guid":{"rendered":"http:\/\/fwg-weissenthurm.de\/?page_id=999"},"modified":"2019-04-11T14:23:11","modified_gmt":"2019-04-11T14:23:11","slug":"wahlkampf-ohne-schilderwald","status":"publish","type":"page","link":"http:\/\/fwg-weissenthurm.de\/?page_id=999","title":{"rendered":"Wahlkampf ohne Schilderwald"},"content":{"rendered":"\n<p>Vor jeder Wahl wird Wei\u00dfenthurm mit unz\u00e4hligen Wahlplakaten zugekleistert. Die FWG Wei\u00dfenthurm hatte vorgeschlagen, Wahlwerbung auf daf\u00fcr bereitgestellte Plakatw\u00e4nde an den Ortseing\u00e4ngen zu begrenzen. Das w\u00fcrde wie in Kettig ein ordentliches Bild abgeben und die Plakate k\u00f6nnten unmittelbar nach der Wahl ohne Aufwand entfernt werden. In der letzten Sitzung am 28.3.2019 wurde nun dar\u00fcber beraten. Leider konnte sich die FWG mit Ihrer Meinung nicht durchsetzen. Daher werden die Stra\u00dfen von Wei\u00dfenthurm auch bei der Wahl im Mai wieder von einem chaotischen Schilderwald ges\u00e4umt werden. Die FWG Wei\u00dfenthurm bleibt aber bei Ihrem Entschluss, auf eigene Wahlplakate zu verzichten. Man will stattdessen mit guten pers\u00f6nlichen Gespr\u00e4chen und klaren Botschaften punkten. Die erste Gelegenheit hierzu ergibt sich am 10.4.2019 um 19 Uhr im Restaurant Aga, bei dem sich die FWG Wei\u00dfenthurm ihren W\u00e4hlern vorstellen m\u00f6chte. \nAuch die FWG Mayen-Koblenz und die FWG Verbandsgemeinde Wei\u00dfenthurm werden einen resourcenschonenden Wahlkampf f\u00fchren. Lediglich am Ortseingang von Wei\u00dfenthurm werden zwei Plakate h\u00e4ngen. Leider bei dieser Wahl noch nicht an st\u00e4dtischen Plakatw\u00e4nden. Die FWG Wei\u00dfenthurm wird die Idee aber auch nach der Wahl weiterverfolgen.   \n<\/p>\n","protected":false},"excerpt":{"rendered":"<p>Vor jeder Wahl wird Wei\u00dfenthurm mit unz\u00e4hligen Wahlplakaten zugekleistert. Die FWG Wei\u00dfenthurm hatte vorgeschlagen, Wahlwerbung auf daf\u00fcr bereitgestellte Plakatw\u00e4nde an den Ortseing\u00e4ngen zu begrenzen. Das w\u00fcrde wie in Kettig ein ordentliches Bild abgeben und die Plakate k\u00f6nnten unmittelbar nach der&hellip; <\/p>\n","protected":false},"author":1,"featured_media":0,"parent":723,"menu_order":0,"comment_status":"closed","ping_status":"closed","template":"","meta":{"footnotes":""},"class_list":["post-999","page","type-page","status-publish","hentry"],"_links":{"self":[{"href":"http:\/\/fwg-weissenthurm.de\/index.php?rest_route=\/wp\/v2\/pages\/999","targetHints":{"allow":["GET"]}}],"collection":[{"href":"http:\/\/fwg-weissenthurm.de\/index.php?rest_route=\/wp\/v2\/pages"}],"about":[{"href":"http:\/\/fwg-weissenthurm.de\/index.php?rest_route=\/wp\/v2\/types\/page"}],"author":[{"embeddable":true,"href":"http:\/\/fwg-weissenthurm.de\/index.php?rest_route=\/wp\/v2\/users\/1"}],"replies":[{"embeddable":true,"href":"http:\/\/fwg-weissenthurm.de\/index.php?rest_route=%2Fwp%2Fv2%2Fcomments&post=999"}],"version-history":[{"count":1,"href":"http:\/\/fwg-weissenthurm.de\/index.php?rest_route=\/wp\/v2\/pages\/999\/revisions"}],"predecessor-version":[{"id":1000,"href":"http:\/\/fwg-weissenthurm.de\/index.php?rest_route=\/wp\/v2\/pages\/999\/revisions\/1000"}],"up":[{"embeddable":true,"href":"http:\/\/fwg-weissenthurm.de\/index.php?rest_route=\/wp\/v2\/pages\/723"}],"wp:attachment":[{"href":"http:\/\/fwg-weissenthurm.de\/index.php?rest_route=%2Fwp%2Fv2%2Fmedia&parent=999"}],"curies":[{"name":"wp","href":"https:\/\/api.w.org\/{rel}","templated":true}]}}